{"id":1228,"date":"2021-06-09T11:31:06","date_gmt":"2021-06-09T11:31:06","guid":{"rendered":"https:\/\/pravoljudski.org\/outreach\/"},"modified":"2021-06-16T19:20:47","modified_gmt":"2021-06-16T19:20:47","slug":"outreach","status":"publish","type":"page","link":"https:\/\/pravoljudski.org\/bs\/outreach\/","title":{"rendered":"Outreach"},"content":{"rendered":"<div id=\"pl-1228\"  class=\"panel-layout\" ><div id=\"pg-1228-0\"  class=\"panel-grid panel-no-style\" ><div id=\"pgc-1228-0-0\"  class=\"panel-grid-cell\" ><div id=\"panel-1228-0-0-0\" class=\"so-panel widget widget_enhancedtextwidget widget_text enhanced-text-widget panel-first-child panel-last-child\" data-index=\"0\" ><div class=\"textwidget widget-text\"><style>.main-img img {display: none;} .main-program-page<\/style>\n<div class=\"fmc-page-title\" style=\"border-top: 0;\">\n                    <h2>Learning again, or learning for the first time, how to become water - Outreach Programme<\/h2>\n                    <div class=\"fmcpt-desc\"><p>from 09.06. to 22.06.21<\/p>\n<\/div>\n                    <\/div><!-- \/fmc-page-title -->\n\n                    <div class=\"fmc-page-in-category\">\n<div class=\"category-text\">\n<h3>U\u010diti iznova ili u\u010diti po prvi put kako postati voda<\/h3>\n<span class=\"authors\">Selektori programa Kumjana Novakova i Diogo Pereira<\/span>\n\n<p>Prije 3,5 milijarde godina Voda je dala po\u010detak \u017eivota na Zemlji. U me\u0111uvremenu, antropocentri\u010dni kapitalisti\u010dki pogled razvio je sliku o njoj kao o be\u017eivotnom i bezbojnom ekonomskom resursu, razvijaju\u0107i pri tome mit o ljudskoj nadmo\u0107i.<\/p>\n\n<p>Gradimo velike i male rije\u010dne brane, nasipe, kanale i odvodne sisteme. Tako se tijela, ljudska, drugih \u017eivih i ne\u017eivih bi\u0107a, su\u0161e dok upumpavamo zemlju. Tijela, ljudska, drugih \u017eivih i ne\u017eivih bi\u0107a, utapaju se u porastu mora i porastu temperatura dok upumpavamo zrak. Tijela, ljudska, drugih \u017eivih i ne\u017eivih bi\u0107a truju se i prerano umiru dok upumpavamo vodu.<\/p>\n\n<p>Ba\u0161 kao \u0161to su ljudi ve\u0107inski sa\u010dinjeni od vode, tako su i tri \u010detvrtine drugih \u017eivih i ne\u017eivih bi\u0107a mokri i plavi. Voda se infiltrira i naseljava zrak koji udi\u0161emo i zemlju koju obra\u0111ujemo. Kao ljudi, ne posjedujemo ekskluzivno pravo na vodu. Mi smo tijela sa\u010dinjena od vode, ba\u0161 poput rijeka, drve\u0107a i svih ostalih, drugih \u017eivih i ne\u017eivih bi\u0107a.<\/p>\n\n<p>Ljubav je hermeneutika dru\u0161tvenih promjena, prema tvrdnji Sandovala. <span class=\"fus-notes\">1<\/span> Za Tanyu Berokoff, u\u010diteljicu govorne komunikacije i cjelo\u017eivotnog pratioca \u017eivotinja, \u201ezadatak stvarne ljubavi nije emocionalna potreba kako bi se zaljubilo, ve\u0107 biti iskreno voljen od strane drugih\u201d. <span class=\"fus-notes\">2<\/span><\/p>\n\n<p>Mo\u017eemo li iskreno biti voljeni od strane drugih \u017eivih i ne\u017eivih bi\u0107a? Mo\u017eemo li iskreno voljeti druga \u017eiva i ne\u017eiva bi\u0107a?<\/p>\n\n<p>Mo\u017eemo li u\u010diti iznova ili u\u010diti po prvi put, kako biti iskreno voljeni i kako iskreno pru\u017eiti ljubav ljudima, drugim \u017eivim i ne\u017eivim bi\u0107ima.<\/p>\n\n<p>Biti iskreno voljen i voljeti vodu. Postati voda.<\/p>\n\n<p>Kumjana Novakova <br\/>Diogo Pereira<\/p>\n\n<div class=\"fusnote\"><span class=\"fus-notes\">1<\/span> Chela Sandoval, Methodology of the Oppressed (Minneapolis: University of Minnesota Press, 2000).<br>\n<span class=\"fus-notes\">2<\/span> Tanya Berokoff as quoted in Donna J. Haraway, Staying with the Trouble: Making Kin in the Chthulucene (London: Duke University Press, 2016): 69.\n<\/div>\n<\/div>\n\n                       <div class=\"fac-in\">\n\n                        \n                              \n\n                               \n\n                        <\/div> \n\n                    <\/div><!-- \/fmc-page-in -->\n\n<div class=\"fmc-page-title\">\n                    <h2>The Factual, the Fictional, and the Fabulated: Shared Embodiment<\/h2>\n                    <div class=\"fmcpt-desc\"><p>from 16.06. to 30.06.21<\/p>\n<\/div>\n                    <\/div><!-- \/fmc-page-title -->\n\n                    <div class=\"fmc-page-in-category\">\n<div class=\"category-text\">\n\n<p><i>\u201eKapitalizam komunicira i name\u0107e pogled na tijelo kao na ostrvo. Izolovano. To je proces stvarnog osiroma\u0161enja, jer se tijelo, na\u0161e tijelo pro\u0161iruje i povezuje te crpi svoj \u017eivot, svoju energiju iz okolne atmosfere.\" Ovo su uvodne rije\u010di Silvije Federici u filmu Angele Anderson koji otvara na\u0161 drugi outreach program. Spajanjem kinematografije, kulturolo\u0161kih istra\u017eivanja te ekofeminizma, kroz prepletanja fakti\u010dnog, fikcionalnog i fabularnog, oba filmska i dokumentarna postaju povezana u me\u0111usobnoj interakciji kako bi se ostvario realizam mogu\u0107eg. Stoga, ekofeminizam u kinematografiji otvara mogu\u0107nosti za nove oblike narativne i imaginative artikulacije, za djelomi\u010dne narative, kontra-narative i ne-narative, za sukobljene i neharmoni\u010dne, za radikalni konektivizam te zasigurno i za \u201erizi\u010dno \u010ditanje\u201c.<\/i><\/p>\n\n<p>Na\u0161 drugi outreach program pod nazivom Fakti\u010dno, Fikcionalno i Fabularno: Zajedni\u010dko utjelovljenje - utjelovljuje te predstavlja vlastito utjelovljenje mogu\u0107eg i zami\u0161ljenog zajedni\u010dkog svijeta. Zajedni\u010dkog svijeta koji otvara prolaze i prelaze namjernih i nenamjernih preloma zbog kojih prelazimo sa nau\u010dno-istra\u017eiva\u010dkog znanja iz filmskog i esejisti\u010dkog svijeta na autohtona feministi\u010dka znanja, rascjepe koji nas tjeraju da krenemo novim putevima i promijenimo metode pra\u0107enja. <\/p>\n\n<p>Rascjepi i prolazi zajedni\u010dkog utjelovljenja kao aktivne intervencije na tkivu dru\u0161tva, socijalnom, politi\u010dkom, kulturnom i tjelesnom.<\/p>\n\n<\/div>\n\n                       <div class=\"fac-in\">\n\n                        \n                              \n\n                               \n\n                        <\/div> \n\n                    <\/div><!-- \/fmc-page-in --><\/div><\/div><\/div><\/div><\/div>","protected":false},"excerpt":{"rendered":"Learning again, or learning for the first time, how to become water &#8211; Outreach Programme from 09.06. to 22.06.21 U\u010diti iznova ili u\u010diti po prvi put kako postati voda Selektori programa Kumjana Novakova i Diogo Pereira Prije 3,5 milijarde godina Voda je dala po\u010detak \u017eivota na Zemlji. U me\u0111uvremenu, antropocentri\u010dni kapitalisti\u010dki pogled razvio je sliku&#8230;","protected":false},"author":1,"featured_media":1258,"parent":0,"menu_order":0,"comment_status":"closed","ping_status":"closed","template":"page-program-default.php","meta":{"_acf_changed":false,"footnotes":""},"class_list":["post-1228","page","type-page","status-publish","has-post-thumbnail","hentry"],"acf":[],"yoast_head":"<!-- This site is optimized with the Yoast SEO plugin v25.9 - https:\/\/yoast.com\/wordpress\/plugins\/seo\/ -->\n<title>Outreach - Pravo Ljudski<\/title>\n<meta name=\"robots\" content=\"index, follow, max-snippet:-1, max-image-preview:large, max-video-preview:-1\" \/>\n<link rel=\"canonical\" href=\"https:\/\/pravoljudski.org\/bs\/outreach\/\" \/>\n<meta property=\"og:locale\" content=\"bs_BA\" \/>\n<meta property=\"og:type\" content=\"article\" \/>\n<meta property=\"og:title\" content=\"Outreach - Pravo Ljudski\" \/>\n<meta property=\"og:description\" content=\"Learning again, or learning for the first time, how to become water - Outreach Programme from 09.06. to 22.06.21 U\u010diti iznova ili u\u010diti po prvi put kako postati voda Selektori programa Kumjana Novakova i Diogo Pereira Prije 3,5 milijarde godina Voda je dala po\u010detak \u017eivota na Zemlji. U me\u0111uvremenu, antropocentri\u010dni kapitalisti\u010dki pogled razvio je sliku...\" \/>\n<meta property=\"og:url\" content=\"https:\/\/pravoljudski.org\/bs\/outreach\/\" \/>\n<meta property=\"og:site_name\" content=\"Pravo Ljudski\" \/>\n<meta property=\"article:publisher\" content=\"https:\/\/www.facebook.com\/PravoLjudskiFilmFestival\" \/>\n<meta property=\"article:modified_time\" content=\"2021-06-16T19:20:47+00:00\" \/>\n<meta property=\"og:image\" content=\"https:\/\/pravoljudski.org\/wp-content\/uploads\/2021\/06\/Image-Press-Release-for-News.jpg\" \/>\n\t<meta property=\"og:image:width\" content=\"1600\" \/>\n\t<meta property=\"og:image:height\" content=\"900\" \/>\n\t<meta property=\"og:image:type\" content=\"image\/jpeg\" \/>\n<meta name=\"twitter:card\" content=\"summary_large_image\" \/>\n<meta name=\"twitter:site\" content=\"@pravoljudski\" \/>\n<script type=\"application\/ld+json\" class=\"yoast-schema-graph\">{\"@context\":\"https:\/\/schema.org\",\"@graph\":[{\"@type\":\"WebPage\",\"@id\":\"https:\/\/pravoljudski.org\/bs\/outreach\/\",\"url\":\"https:\/\/pravoljudski.org\/bs\/outreach\/\",\"name\":\"Outreach - Pravo Ljudski\",\"isPartOf\":{\"@id\":\"https:\/\/pravoljudski.org\/bs\/#website\"},\"primaryImageOfPage\":{\"@id\":\"https:\/\/pravoljudski.org\/bs\/outreach\/#primaryimage\"},\"image\":{\"@id\":\"https:\/\/pravoljudski.org\/bs\/outreach\/#primaryimage\"},\"thumbnailUrl\":\"https:\/\/pravoljudski.org\/wp-content\/uploads\/2021\/06\/Image-Press-Release-for-News.jpg\",\"datePublished\":\"2021-06-09T11:31:06+00:00\",\"dateModified\":\"2021-06-16T19:20:47+00:00\",\"breadcrumb\":{\"@id\":\"https:\/\/pravoljudski.org\/bs\/outreach\/#breadcrumb\"},\"inLanguage\":\"bs-BA\",\"potentialAction\":[{\"@type\":\"ReadAction\",\"target\":[\"https:\/\/pravoljudski.org\/bs\/outreach\/\"]}]},{\"@type\":\"ImageObject\",\"inLanguage\":\"bs-BA\",\"@id\":\"https:\/\/pravoljudski.org\/bs\/outreach\/#primaryimage\",\"url\":\"https:\/\/pravoljudski.org\/wp-content\/uploads\/2021\/06\/Image-Press-Release-for-News.jpg\",\"contentUrl\":\"https:\/\/pravoljudski.org\/wp-content\/uploads\/2021\/06\/Image-Press-Release-for-News.jpg\",\"width\":1600,\"height\":900},{\"@type\":\"BreadcrumbList\",\"@id\":\"https:\/\/pravoljudski.org\/bs\/outreach\/#breadcrumb\",\"itemListElement\":[{\"@type\":\"ListItem\",\"position\":1,\"name\":\"Home\",\"item\":\"https:\/\/pravoljudski.org\/bs\/\"},{\"@type\":\"ListItem\",\"position\":2,\"name\":\"Outreach\"}]},{\"@type\":\"WebSite\",\"@id\":\"https:\/\/pravoljudski.org\/bs\/#website\",\"url\":\"https:\/\/pravoljudski.org\/bs\/\",\"name\":\"Pravo Ljudski\",\"description\":\"\",\"publisher\":{\"@id\":\"https:\/\/pravoljudski.org\/bs\/#organization\"},\"potentialAction\":[{\"@type\":\"SearchAction\",\"target\":{\"@type\":\"EntryPoint\",\"urlTemplate\":\"https:\/\/pravoljudski.org\/bs\/?s={search_term_string}\"},\"query-input\":{\"@type\":\"PropertyValueSpecification\",\"valueRequired\":true,\"valueName\":\"search_term_string\"}}],\"inLanguage\":\"bs-BA\"},{\"@type\":\"Organization\",\"@id\":\"https:\/\/pravoljudski.org\/bs\/#organization\",\"name\":\"Pravo Ljudski\",\"url\":\"https:\/\/pravoljudski.org\/bs\/\",\"logo\":{\"@type\":\"ImageObject\",\"inLanguage\":\"bs-BA\",\"@id\":\"https:\/\/pravoljudski.org\/bs\/#\/schema\/logo\/image\/\",\"url\":\"https:\/\/pravoljudski.org\/wp-content\/uploads\/2020\/11\/plj-logo.png\",\"contentUrl\":\"https:\/\/pravoljudski.org\/wp-content\/uploads\/2020\/11\/plj-logo.png\",\"width\":800,\"height\":519,\"caption\":\"Pravo Ljudski\"},\"image\":{\"@id\":\"https:\/\/pravoljudski.org\/bs\/#\/schema\/logo\/image\/\"},\"sameAs\":[\"https:\/\/www.facebook.com\/PravoLjudskiFilmFestival\",\"https:\/\/x.com\/pravoljudski\",\"https:\/\/www.instagram.com\/pravo_ljudski\/\",\"https:\/\/www.youtube.com\/user\/PravoLjudskiFF\"]}]}<\/script>\n<!-- \/ Yoast SEO plugin. -->","yoast_head_json":{"title":"Outreach - Pravo Ljudski","robots":{"index":"index","follow":"follow","max-snippet":"max-snippet:-1","max-image-preview":"max-image-preview:large","max-video-preview":"max-video-preview:-1"},"canonical":"https:\/\/pravoljudski.org\/bs\/outreach\/","og_locale":"bs_BA","og_type":"article","og_title":"Outreach - Pravo Ljudski","og_description":"Learning again, or learning for the first time, how to become water - Outreach Programme from 09.06. to 22.06.21 U\u010diti iznova ili u\u010diti po prvi put kako postati voda Selektori programa Kumjana Novakova i Diogo Pereira Prije 3,5 milijarde godina Voda je dala po\u010detak \u017eivota na Zemlji. U me\u0111uvremenu, antropocentri\u010dni kapitalisti\u010dki pogled razvio je sliku...","og_url":"https:\/\/pravoljudski.org\/bs\/outreach\/","og_site_name":"Pravo Ljudski","article_publisher":"https:\/\/www.facebook.com\/PravoLjudskiFilmFestival","article_modified_time":"2021-06-16T19:20:47+00:00","og_image":[{"width":1600,"height":900,"url":"https:\/\/pravoljudski.org\/wp-content\/uploads\/2021\/06\/Image-Press-Release-for-News.jpg","type":"image\/jpeg"}],"twitter_card":"summary_large_image","twitter_site":"@pravoljudski","schema":{"@context":"https:\/\/schema.org","@graph":[{"@type":"WebPage","@id":"https:\/\/pravoljudski.org\/bs\/outreach\/","url":"https:\/\/pravoljudski.org\/bs\/outreach\/","name":"Outreach - Pravo Ljudski","isPartOf":{"@id":"https:\/\/pravoljudski.org\/bs\/#website"},"primaryImageOfPage":{"@id":"https:\/\/pravoljudski.org\/bs\/outreach\/#primaryimage"},"image":{"@id":"https:\/\/pravoljudski.org\/bs\/outreach\/#primaryimage"},"thumbnailUrl":"https:\/\/pravoljudski.org\/wp-content\/uploads\/2021\/06\/Image-Press-Release-for-News.jpg","datePublished":"2021-06-09T11:31:06+00:00","dateModified":"2021-06-16T19:20:47+00:00","breadcrumb":{"@id":"https:\/\/pravoljudski.org\/bs\/outreach\/#breadcrumb"},"inLanguage":"bs-BA","potentialAction":[{"@type":"ReadAction","target":["https:\/\/pravoljudski.org\/bs\/outreach\/"]}]},{"@type":"ImageObject","inLanguage":"bs-BA","@id":"https:\/\/pravoljudski.org\/bs\/outreach\/#primaryimage","url":"https:\/\/pravoljudski.org\/wp-content\/uploads\/2021\/06\/Image-Press-Release-for-News.jpg","contentUrl":"https:\/\/pravoljudski.org\/wp-content\/uploads\/2021\/06\/Image-Press-Release-for-News.jpg","width":1600,"height":900},{"@type":"BreadcrumbList","@id":"https:\/\/pravoljudski.org\/bs\/outreach\/#breadcrumb","itemListElement":[{"@type":"ListItem","position":1,"name":"Home","item":"https:\/\/pravoljudski.org\/bs\/"},{"@type":"ListItem","position":2,"name":"Outreach"}]},{"@type":"WebSite","@id":"https:\/\/pravoljudski.org\/bs\/#website","url":"https:\/\/pravoljudski.org\/bs\/","name":"Pravo Ljudski","description":"","publisher":{"@id":"https:\/\/pravoljudski.org\/bs\/#organization"},"potentialAction":[{"@type":"SearchAction","target":{"@type":"EntryPoint","urlTemplate":"https:\/\/pravoljudski.org\/bs\/?s={search_term_string}"},"query-input":{"@type":"PropertyValueSpecification","valueRequired":true,"valueName":"search_term_string"}}],"inLanguage":"bs-BA"},{"@type":"Organization","@id":"https:\/\/pravoljudski.org\/bs\/#organization","name":"Pravo Ljudski","url":"https:\/\/pravoljudski.org\/bs\/","logo":{"@type":"ImageObject","inLanguage":"bs-BA","@id":"https:\/\/pravoljudski.org\/bs\/#\/schema\/logo\/image\/","url":"https:\/\/pravoljudski.org\/wp-content\/uploads\/2020\/11\/plj-logo.png","contentUrl":"https:\/\/pravoljudski.org\/wp-content\/uploads\/2020\/11\/plj-logo.png","width":800,"height":519,"caption":"Pravo Ljudski"},"image":{"@id":"https:\/\/pravoljudski.org\/bs\/#\/schema\/logo\/image\/"},"sameAs":["https:\/\/www.facebook.com\/PravoLjudskiFilmFestival","https:\/\/x.com\/pravoljudski","https:\/\/www.instagram.com\/pravo_ljudski\/","https:\/\/www.youtube.com\/user\/PravoLjudskiFF"]}]}},"_links":{"self":[{"href":"https:\/\/pravoljudski.org\/bs\/wp-json\/wp\/v2\/pages\/1228","targetHints":{"allow":["GET"]}}],"collection":[{"href":"https:\/\/pravoljudski.org\/bs\/wp-json\/wp\/v2\/pages"}],"about":[{"href":"https:\/\/pravoljudski.org\/bs\/wp-json\/wp\/v2\/types\/page"}],"author":[{"embeddable":true,"href":"https:\/\/pravoljudski.org\/bs\/wp-json\/wp\/v2\/users\/1"}],"replies":[{"embeddable":true,"href":"https:\/\/pravoljudski.org\/bs\/wp-json\/wp\/v2\/comments?post=1228"}],"version-history":[{"count":9,"href":"https:\/\/pravoljudski.org\/bs\/wp-json\/wp\/v2\/pages\/1228\/revisions"}],"predecessor-version":[{"id":1256,"href":"https:\/\/pravoljudski.org\/bs\/wp-json\/wp\/v2\/pages\/1228\/revisions\/1256"}],"wp:featuredmedia":[{"embeddable":true,"href":"https:\/\/pravoljudski.org\/bs\/wp-json\/wp\/v2\/media\/1258"}],"wp:attachment":[{"href":"https:\/\/pravoljudski.org\/bs\/wp-json\/wp\/v2\/media?parent=1228"}],"curies":[{"name":"wp","href":"https:\/\/api.w.org\/{rel}","templated":true}]}}