{"id":256,"date":"2020-11-02T20:03:11","date_gmt":"2020-11-02T20:03:11","guid":{"rendered":"https:\/\/pravoljudski.org\/profile\/"},"modified":"2020-11-05T09:04:31","modified_gmt":"2020-11-05T09:04:31","slug":"profil","status":"publish","type":"page","link":"https:\/\/pravoljudski.org\/bs\/profil\/","title":{"rendered":"Profil"},"content":{"rendered":"<p>U svojih devet godina postojanja, Pravo Ljudski razvio se kao nezavisna, neprofitna civilna udruga \u010diji je cilj promocija nezavisnog filma, umjetnosti i kulture. Njegov oslonac su dru\u0161tveno anga\u017eovana audiovizuelna dostignu\u0107a, a naro\u010dito dokumentarni film kao i dru\u0161tveno osvije\u0161tena umjetnost uop\u0161te.<\/p>\n<p>Rad Pravo Ljudski sprovodi se kroz tri zasebna ali me\u0111uzavisna programa \u2013 1. Pravo Ljudski Film Festival, i aktivnosti vezani za filmsku umjetnost, 2. Obrazovni program koji razvija i radi sa jedinstvenim interaktivnim obrazovnim metodama zasnovanim na upotrebi audiovizuelnih umjetnosti i dokumentarnog filma, te 3. Odjel za produkciju koji razvija razli\u010dite filmske projekte, audio-vizuelna umjetni\u010dka djela, kao i trening programe za upotrebu videa u razli\u010ditim oblastima. Programi s posebnim fokusom na pitanja roda i feminizma, kao i za\u0161titu okoli\u0161a, pridonose radu glavnih programa, kao i zasebnim inicijativama programskog osoblja.<\/p>\n<p>Djelovanje i aktivnosti Pravo Ljudski uklju\u010duju, ali ne ograni\u010davaju se na, godi\u0161nji Pravo Ljudski Film Festival, Zumiraj Prava program za mlade, obrazovni program Zumiraj Prava u \u0160koli, javne kampanje s ciljem promocije nezavisnog filma i umjetnosti, filmsko obrazovanje, te raznovrsne inicijative sa ciljem promocije nezavisnog dokumentarnog filma. Na\u0161i razli\u010diti programi i inicijative kontinuirano se bave li\u010dnim i dru\u0161tvenim, okupljaju\u0107i publiku i pro\u0161iruju\u0107i koncept dokumentarnog filma preko pukog promatranja, time otvaraju\u0107i \u0161ira umjetni\u010dka, dru\u0161tvena te politi\u010dka pitanja.<\/p>\n","protected":false},"excerpt":{"rendered":"U svojih devet godina postojanja, Pravo Ljudski razvio se kao nezavisna, neprofitna civilna udruga \u010diji je cilj promocija nezavisnog filma, umjetnosti i kulture. Njegov oslonac su dru\u0161tveno anga\u017eovana audiovizuelna dostignu\u0107a, a naro\u010dito dokumentarni film kao i dru\u0161tveno osvije\u0161tena umjetnost uop\u0161te. Rad Pravo Ljudski sprovodi se kroz tri zasebna ali me\u0111uzavisna programa \u2013 1. Pravo Ljudski&#8230;","protected":false},"author":1,"featured_media":97,"parent":0,"menu_order":0,"comment_status":"closed","ping_status":"closed","template":"","meta":{"_acf_changed":false,"footnotes":""},"class_list":["post-256","page","type-page","status-publish","has-post-thumbnail","hentry"],"acf":[],"yoast_head":"<!-- This site is optimized with the Yoast SEO plugin v25.9 - https:\/\/yoast.com\/wordpress\/plugins\/seo\/ -->\n<title>Profil - Pravo Ljudski<\/title>\n<meta name=\"robots\" content=\"index, follow, max-snippet:-1, max-image-preview:large, max-video-preview:-1\" \/>\n<link rel=\"canonical\" href=\"https:\/\/pravoljudski.org\/bs\/profil\/\" \/>\n<meta property=\"og:locale\" content=\"bs_BA\" \/>\n<meta property=\"og:type\" content=\"article\" \/>\n<meta property=\"og:title\" content=\"Profil - Pravo Ljudski\" \/>\n<meta property=\"og:description\" content=\"U svojih devet godina postojanja, Pravo Ljudski razvio se kao nezavisna, neprofitna civilna udruga \u010diji je cilj promocija nezavisnog filma, umjetnosti i kulture. Njegov oslonac su dru\u0161tveno anga\u017eovana audiovizuelna dostignu\u0107a, a naro\u010dito dokumentarni film kao i dru\u0161tveno osvije\u0161tena umjetnost uop\u0161te. Rad Pravo Ljudski sprovodi se kroz tri zasebna ali me\u0111uzavisna programa \u2013 1. Pravo Ljudski...\" \/>\n<meta property=\"og:url\" content=\"https:\/\/pravoljudski.org\/bs\/profil\/\" \/>\n<meta property=\"og:site_name\" content=\"Pravo Ljudski\" \/>\n<meta property=\"article:publisher\" content=\"https:\/\/www.facebook.com\/PravoLjudskiFilmFestival\" \/>\n<meta property=\"article:modified_time\" content=\"2020-11-05T09:04:31+00:00\" \/>\n<meta property=\"og:image\" content=\"https:\/\/pravoljudski.org\/wp-content\/uploads\/2020\/11\/about.jpg\" \/>\n\t<meta property=\"og:image:width\" content=\"1621\" \/>\n\t<meta property=\"og:image:height\" content=\"1080\" \/>\n\t<meta property=\"og:image:type\" content=\"image\/jpeg\" \/>\n<meta name=\"twitter:card\" content=\"summary_large_image\" \/>\n<meta name=\"twitter:site\" content=\"@pravoljudski\" \/>\n<meta name=\"twitter:label1\" content=\"Est. reading time\" \/>\n\t<meta name=\"twitter:data1\" content=\"1 minuta\" \/>\n<script type=\"application\/ld+json\" class=\"yoast-schema-graph\">{\"@context\":\"https:\/\/schema.org\",\"@graph\":[{\"@type\":\"WebPage\",\"@id\":\"https:\/\/pravoljudski.org\/bs\/profil\/\",\"url\":\"https:\/\/pravoljudski.org\/bs\/profil\/\",\"name\":\"Profil - Pravo Ljudski\",\"isPartOf\":{\"@id\":\"https:\/\/pravoljudski.org\/bs\/#website\"},\"primaryImageOfPage\":{\"@id\":\"https:\/\/pravoljudski.org\/bs\/profil\/#primaryimage\"},\"image\":{\"@id\":\"https:\/\/pravoljudski.org\/bs\/profil\/#primaryimage\"},\"thumbnailUrl\":\"https:\/\/pravoljudski.org\/wp-content\/uploads\/2020\/11\/about.jpg\",\"datePublished\":\"2020-11-02T20:03:11+00:00\",\"dateModified\":\"2020-11-05T09:04:31+00:00\",\"breadcrumb\":{\"@id\":\"https:\/\/pravoljudski.org\/bs\/profil\/#breadcrumb\"},\"inLanguage\":\"bs-BA\",\"potentialAction\":[{\"@type\":\"ReadAction\",\"target\":[\"https:\/\/pravoljudski.org\/bs\/profil\/\"]}]},{\"@type\":\"ImageObject\",\"inLanguage\":\"bs-BA\",\"@id\":\"https:\/\/pravoljudski.org\/bs\/profil\/#primaryimage\",\"url\":\"https:\/\/pravoljudski.org\/wp-content\/uploads\/2020\/11\/about.jpg\",\"contentUrl\":\"https:\/\/pravoljudski.org\/wp-content\/uploads\/2020\/11\/about.jpg\",\"width\":1621,\"height\":1080},{\"@type\":\"BreadcrumbList\",\"@id\":\"https:\/\/pravoljudski.org\/bs\/profil\/#breadcrumb\",\"itemListElement\":[{\"@type\":\"ListItem\",\"position\":1,\"name\":\"Home\",\"item\":\"https:\/\/pravoljudski.org\/bs\/\"},{\"@type\":\"ListItem\",\"position\":2,\"name\":\"Profil\"}]},{\"@type\":\"WebSite\",\"@id\":\"https:\/\/pravoljudski.org\/bs\/#website\",\"url\":\"https:\/\/pravoljudski.org\/bs\/\",\"name\":\"Pravo Ljudski\",\"description\":\"\",\"publisher\":{\"@id\":\"https:\/\/pravoljudski.org\/bs\/#organization\"},\"potentialAction\":[{\"@type\":\"SearchAction\",\"target\":{\"@type\":\"EntryPoint\",\"urlTemplate\":\"https:\/\/pravoljudski.org\/bs\/?s={search_term_string}\"},\"query-input\":{\"@type\":\"PropertyValueSpecification\",\"valueRequired\":true,\"valueName\":\"search_term_string\"}}],\"inLanguage\":\"bs-BA\"},{\"@type\":\"Organization\",\"@id\":\"https:\/\/pravoljudski.org\/bs\/#organization\",\"name\":\"Pravo Ljudski\",\"url\":\"https:\/\/pravoljudski.org\/bs\/\",\"logo\":{\"@type\":\"ImageObject\",\"inLanguage\":\"bs-BA\",\"@id\":\"https:\/\/pravoljudski.org\/bs\/#\/schema\/logo\/image\/\",\"url\":\"https:\/\/pravoljudski.org\/wp-content\/uploads\/2020\/11\/plj-logo.png\",\"contentUrl\":\"https:\/\/pravoljudski.org\/wp-content\/uploads\/2020\/11\/plj-logo.png\",\"width\":800,\"height\":519,\"caption\":\"Pravo Ljudski\"},\"image\":{\"@id\":\"https:\/\/pravoljudski.org\/bs\/#\/schema\/logo\/image\/\"},\"sameAs\":[\"https:\/\/www.facebook.com\/PravoLjudskiFilmFestival\",\"https:\/\/x.com\/pravoljudski\",\"https:\/\/www.instagram.com\/pravo_ljudski\/\",\"https:\/\/www.youtube.com\/user\/PravoLjudskiFF\"]}]}<\/script>\n<!-- \/ Yoast SEO plugin. -->","yoast_head_json":{"title":"Profil - Pravo Ljudski","robots":{"index":"index","follow":"follow","max-snippet":"max-snippet:-1","max-image-preview":"max-image-preview:large","max-video-preview":"max-video-preview:-1"},"canonical":"https:\/\/pravoljudski.org\/bs\/profil\/","og_locale":"bs_BA","og_type":"article","og_title":"Profil - Pravo Ljudski","og_description":"U svojih devet godina postojanja, Pravo Ljudski razvio se kao nezavisna, neprofitna civilna udruga \u010diji je cilj promocija nezavisnog filma, umjetnosti i kulture. Njegov oslonac su dru\u0161tveno anga\u017eovana audiovizuelna dostignu\u0107a, a naro\u010dito dokumentarni film kao i dru\u0161tveno osvije\u0161tena umjetnost uop\u0161te. Rad Pravo Ljudski sprovodi se kroz tri zasebna ali me\u0111uzavisna programa \u2013 1. Pravo Ljudski...","og_url":"https:\/\/pravoljudski.org\/bs\/profil\/","og_site_name":"Pravo Ljudski","article_publisher":"https:\/\/www.facebook.com\/PravoLjudskiFilmFestival","article_modified_time":"2020-11-05T09:04:31+00:00","og_image":[{"width":1621,"height":1080,"url":"https:\/\/pravoljudski.org\/wp-content\/uploads\/2020\/11\/about.jpg","type":"image\/jpeg"}],"twitter_card":"summary_large_image","twitter_site":"@pravoljudski","twitter_misc":{"Est. reading time":"1 minuta"},"schema":{"@context":"https:\/\/schema.org","@graph":[{"@type":"WebPage","@id":"https:\/\/pravoljudski.org\/bs\/profil\/","url":"https:\/\/pravoljudski.org\/bs\/profil\/","name":"Profil - Pravo Ljudski","isPartOf":{"@id":"https:\/\/pravoljudski.org\/bs\/#website"},"primaryImageOfPage":{"@id":"https:\/\/pravoljudski.org\/bs\/profil\/#primaryimage"},"image":{"@id":"https:\/\/pravoljudski.org\/bs\/profil\/#primaryimage"},"thumbnailUrl":"https:\/\/pravoljudski.org\/wp-content\/uploads\/2020\/11\/about.jpg","datePublished":"2020-11-02T20:03:11+00:00","dateModified":"2020-11-05T09:04:31+00:00","breadcrumb":{"@id":"https:\/\/pravoljudski.org\/bs\/profil\/#breadcrumb"},"inLanguage":"bs-BA","potentialAction":[{"@type":"ReadAction","target":["https:\/\/pravoljudski.org\/bs\/profil\/"]}]},{"@type":"ImageObject","inLanguage":"bs-BA","@id":"https:\/\/pravoljudski.org\/bs\/profil\/#primaryimage","url":"https:\/\/pravoljudski.org\/wp-content\/uploads\/2020\/11\/about.jpg","contentUrl":"https:\/\/pravoljudski.org\/wp-content\/uploads\/2020\/11\/about.jpg","width":1621,"height":1080},{"@type":"BreadcrumbList","@id":"https:\/\/pravoljudski.org\/bs\/profil\/#breadcrumb","itemListElement":[{"@type":"ListItem","position":1,"name":"Home","item":"https:\/\/pravoljudski.org\/bs\/"},{"@type":"ListItem","position":2,"name":"Profil"}]},{"@type":"WebSite","@id":"https:\/\/pravoljudski.org\/bs\/#website","url":"https:\/\/pravoljudski.org\/bs\/","name":"Pravo Ljudski","description":"","publisher":{"@id":"https:\/\/pravoljudski.org\/bs\/#organization"},"potentialAction":[{"@type":"SearchAction","target":{"@type":"EntryPoint","urlTemplate":"https:\/\/pravoljudski.org\/bs\/?s={search_term_string}"},"query-input":{"@type":"PropertyValueSpecification","valueRequired":true,"valueName":"search_term_string"}}],"inLanguage":"bs-BA"},{"@type":"Organization","@id":"https:\/\/pravoljudski.org\/bs\/#organization","name":"Pravo Ljudski","url":"https:\/\/pravoljudski.org\/bs\/","logo":{"@type":"ImageObject","inLanguage":"bs-BA","@id":"https:\/\/pravoljudski.org\/bs\/#\/schema\/logo\/image\/","url":"https:\/\/pravoljudski.org\/wp-content\/uploads\/2020\/11\/plj-logo.png","contentUrl":"https:\/\/pravoljudski.org\/wp-content\/uploads\/2020\/11\/plj-logo.png","width":800,"height":519,"caption":"Pravo Ljudski"},"image":{"@id":"https:\/\/pravoljudski.org\/bs\/#\/schema\/logo\/image\/"},"sameAs":["https:\/\/www.facebook.com\/PravoLjudskiFilmFestival","https:\/\/x.com\/pravoljudski","https:\/\/www.instagram.com\/pravo_ljudski\/","https:\/\/www.youtube.com\/user\/PravoLjudskiFF"]}]}},"_links":{"self":[{"href":"https:\/\/pravoljudski.org\/bs\/wp-json\/wp\/v2\/pages\/256","targetHints":{"allow":["GET"]}}],"collection":[{"href":"https:\/\/pravoljudski.org\/bs\/wp-json\/wp\/v2\/pages"}],"about":[{"href":"https:\/\/pravoljudski.org\/bs\/wp-json\/wp\/v2\/types\/page"}],"author":[{"embeddable":true,"href":"https:\/\/pravoljudski.org\/bs\/wp-json\/wp\/v2\/users\/1"}],"replies":[{"embeddable":true,"href":"https:\/\/pravoljudski.org\/bs\/wp-json\/wp\/v2\/comments?post=256"}],"version-history":[{"count":1,"href":"https:\/\/pravoljudski.org\/bs\/wp-json\/wp\/v2\/pages\/256\/revisions"}],"predecessor-version":[{"id":257,"href":"https:\/\/pravoljudski.org\/bs\/wp-json\/wp\/v2\/pages\/256\/revisions\/257"}],"wp:featuredmedia":[{"embeddable":true,"href":"https:\/\/pravoljudski.org\/bs\/wp-json\/wp\/v2\/media\/97"}],"wp:attachment":[{"href":"https:\/\/pravoljudski.org\/bs\/wp-json\/wp\/v2\/media?parent=256"}],"curies":[{"name":"wp","href":"https:\/\/api.w.org\/{rel}","templated":true}]}}