{"id":259,"date":"2020-11-02T20:03:32","date_gmt":"2020-11-02T20:03:32","guid":{"rendered":"https:\/\/pravoljudski.org\/history\/"},"modified":"2020-11-05T09:05:59","modified_gmt":"2020-11-05T09:05:59","slug":"historija","status":"publish","type":"page","link":"https:\/\/pravoljudski.org\/bs\/historija\/","title":{"rendered":"Historija"},"content":{"rendered":"<p>Pravo Ljudski Film Festival nastao je iz posve\u010denosti da zabilje\u017eimo, razotkrijemo, objasnimo, propitujemo, ali i da potaknemo na promi\u0161ljanje putem nezavisnog filma i umjetnosti. Ono \u0161to je 2006. godine zapo\u010deto kao projekcija filmova za studente Evropskog regionalnog magistarskog programa demokratije i ljudskih prava u Jugoisto\u010dnoj Evropi, se od 2006 godine izdiglo kao me\u0111unarodni festival koji pridonosi promociji kreativnog dokumentarnog filma i audovizuelne umjetnosti u Bosni i Hercegovini i \u0161ire.<\/p>\n<p>U sklopu prvog izdanje festivala, odr\u017eanog u junu 2006 godine, prikazano je 17 filmova uz prisustvo 7 filmskih autora i autorica. No, dovoljno da probudi unutarnju iskru, inspiraciju za predani rad i posve\u010denost promociji nezavisnog filma i umjetnosti filma, diljem Bosne i Hercegovine\u2026<\/p>\n<p>Jer\u2026 \u2026film je svugdje \u2013 prostrano podru\u010dje koje se i dalje \u0161iri, na nove platforme i kroz nove medije. Zbog toga Pravo Ljudski usmjerava svu svoju snagu u ostvarivanje kreativnih rje\u0161enja za problem razorenih i na\u017ealost napu\u0161tenih kino sala Bosne i Hercegovine. Filmska platna razvijamo van njih te sa njima dijelimo novi dom: u javnim prostorima, \u0161kolama, muzejima, bibliotekama\u2026 Od 2006, Pravo Ljudski posjetio je preko 30 gradova \u0161irom Bosne i Hercegovine, prikazuju\u0107i stotine filmova raznovrsnim gledaocima i gledateljicama. \u017dive i \u017earke diskusije o raznim temama zapo\u010dete su nakon projekcija, a iz nekih od razgovora i razmjena nastali su inspirativni filmski klubovi i nezavisni umjetni\u010dki projekti. Neke su razmjene urodile novim filmovima!<\/p>\n<p>Uz mo\u0107 slike da (re)kreira zna\u010denje, te prika\u017ee razli\u010dite stvarnosti, audiovizuelna umjetnost postaje izvor znanja i inspiracije.<\/p>\n","protected":false},"excerpt":{"rendered":"Pravo Ljudski Film Festival nastao je iz posve\u010denosti da zabilje\u017eimo, razotkrijemo, objasnimo, propitujemo, ali i da potaknemo na promi\u0161ljanje putem nezavisnog filma i umjetnosti. Ono \u0161to je 2006. godine zapo\u010deto kao projekcija filmova za studente Evropskog regionalnog magistarskog programa demokratije i ljudskih prava u Jugoisto\u010dnoj Evropi, se od 2006 godine izdiglo kao me\u0111unarodni festival koji&#8230;","protected":false},"author":1,"featured_media":354,"parent":0,"menu_order":0,"comment_status":"closed","ping_status":"closed","template":"","meta":{"_acf_changed":false,"footnotes":""},"class_list":["post-259","page","type-page","status-publish","has-post-thumbnail","hentry"],"acf":[],"yoast_head":"<!-- This site is optimized with the Yoast SEO plugin v25.9 - https:\/\/yoast.com\/wordpress\/plugins\/seo\/ -->\n<title>Historija - Pravo Ljudski<\/title>\n<meta name=\"robots\" content=\"index, follow, max-snippet:-1, max-image-preview:large, max-video-preview:-1\" \/>\n<link rel=\"canonical\" href=\"https:\/\/pravoljudski.org\/bs\/historija\/\" \/>\n<meta property=\"og:locale\" content=\"bs_BA\" \/>\n<meta property=\"og:type\" content=\"article\" \/>\n<meta property=\"og:title\" content=\"Historija - Pravo Ljudski\" \/>\n<meta property=\"og:description\" content=\"Pravo Ljudski Film Festival nastao je iz posve\u010denosti da zabilje\u017eimo, razotkrijemo, objasnimo, propitujemo, ali i da potaknemo na promi\u0161ljanje putem nezavisnog filma i umjetnosti. Ono \u0161to je 2006. godine zapo\u010deto kao projekcija filmova za studente Evropskog regionalnog magistarskog programa demokratije i ljudskih prava u Jugoisto\u010dnoj Evropi, se od 2006 godine izdiglo kao me\u0111unarodni festival koji...\" \/>\n<meta property=\"og:url\" content=\"https:\/\/pravoljudski.org\/bs\/historija\/\" \/>\n<meta property=\"og:site_name\" content=\"Pravo Ljudski\" \/>\n<meta property=\"article:publisher\" content=\"https:\/\/www.facebook.com\/PravoLjudskiFilmFestival\" \/>\n<meta property=\"article:modified_time\" content=\"2020-11-05T09:05:59+00:00\" \/>\n<meta property=\"og:image\" content=\"https:\/\/pravoljudski.org\/wp-content\/uploads\/2020\/11\/pljtim-scaled.jpg\" \/>\n\t<meta property=\"og:image:width\" content=\"2560\" \/>\n\t<meta property=\"og:image:height\" content=\"1707\" \/>\n\t<meta property=\"og:image:type\" content=\"image\/jpeg\" \/>\n<meta name=\"twitter:card\" content=\"summary_large_image\" \/>\n<meta name=\"twitter:site\" content=\"@pravoljudski\" \/>\n<meta name=\"twitter:label1\" content=\"Est. reading time\" \/>\n\t<meta name=\"twitter:data1\" content=\"1 minuta\" \/>\n<script type=\"application\/ld+json\" class=\"yoast-schema-graph\">{\"@context\":\"https:\/\/schema.org\",\"@graph\":[{\"@type\":\"WebPage\",\"@id\":\"https:\/\/pravoljudski.org\/bs\/historija\/\",\"url\":\"https:\/\/pravoljudski.org\/bs\/historija\/\",\"name\":\"Historija - Pravo Ljudski\",\"isPartOf\":{\"@id\":\"https:\/\/pravoljudski.org\/bs\/#website\"},\"primaryImageOfPage\":{\"@id\":\"https:\/\/pravoljudski.org\/bs\/historija\/#primaryimage\"},\"image\":{\"@id\":\"https:\/\/pravoljudski.org\/bs\/historija\/#primaryimage\"},\"thumbnailUrl\":\"https:\/\/pravoljudski.org\/wp-content\/uploads\/2020\/11\/pljtim-scaled.jpg\",\"datePublished\":\"2020-11-02T20:03:32+00:00\",\"dateModified\":\"2020-11-05T09:05:59+00:00\",\"breadcrumb\":{\"@id\":\"https:\/\/pravoljudski.org\/bs\/historija\/#breadcrumb\"},\"inLanguage\":\"bs-BA\",\"potentialAction\":[{\"@type\":\"ReadAction\",\"target\":[\"https:\/\/pravoljudski.org\/bs\/historija\/\"]}]},{\"@type\":\"ImageObject\",\"inLanguage\":\"bs-BA\",\"@id\":\"https:\/\/pravoljudski.org\/bs\/historija\/#primaryimage\",\"url\":\"https:\/\/pravoljudski.org\/wp-content\/uploads\/2020\/11\/pljtim-scaled.jpg\",\"contentUrl\":\"https:\/\/pravoljudski.org\/wp-content\/uploads\/2020\/11\/pljtim-scaled.jpg\",\"width\":2560,\"height\":1707},{\"@type\":\"BreadcrumbList\",\"@id\":\"https:\/\/pravoljudski.org\/bs\/historija\/#breadcrumb\",\"itemListElement\":[{\"@type\":\"ListItem\",\"position\":1,\"name\":\"Home\",\"item\":\"https:\/\/pravoljudski.org\/bs\/\"},{\"@type\":\"ListItem\",\"position\":2,\"name\":\"Historija\"}]},{\"@type\":\"WebSite\",\"@id\":\"https:\/\/pravoljudski.org\/bs\/#website\",\"url\":\"https:\/\/pravoljudski.org\/bs\/\",\"name\":\"Pravo Ljudski\",\"description\":\"\",\"publisher\":{\"@id\":\"https:\/\/pravoljudski.org\/bs\/#organization\"},\"potentialAction\":[{\"@type\":\"SearchAction\",\"target\":{\"@type\":\"EntryPoint\",\"urlTemplate\":\"https:\/\/pravoljudski.org\/bs\/?s={search_term_string}\"},\"query-input\":{\"@type\":\"PropertyValueSpecification\",\"valueRequired\":true,\"valueName\":\"search_term_string\"}}],\"inLanguage\":\"bs-BA\"},{\"@type\":\"Organization\",\"@id\":\"https:\/\/pravoljudski.org\/bs\/#organization\",\"name\":\"Pravo Ljudski\",\"url\":\"https:\/\/pravoljudski.org\/bs\/\",\"logo\":{\"@type\":\"ImageObject\",\"inLanguage\":\"bs-BA\",\"@id\":\"https:\/\/pravoljudski.org\/bs\/#\/schema\/logo\/image\/\",\"url\":\"https:\/\/pravoljudski.org\/wp-content\/uploads\/2020\/11\/plj-logo.png\",\"contentUrl\":\"https:\/\/pravoljudski.org\/wp-content\/uploads\/2020\/11\/plj-logo.png\",\"width\":800,\"height\":519,\"caption\":\"Pravo Ljudski\"},\"image\":{\"@id\":\"https:\/\/pravoljudski.org\/bs\/#\/schema\/logo\/image\/\"},\"sameAs\":[\"https:\/\/www.facebook.com\/PravoLjudskiFilmFestival\",\"https:\/\/x.com\/pravoljudski\",\"https:\/\/www.instagram.com\/pravo_ljudski\/\",\"https:\/\/www.youtube.com\/user\/PravoLjudskiFF\"]}]}<\/script>\n<!-- \/ Yoast SEO plugin. -->","yoast_head_json":{"title":"Historija - Pravo Ljudski","robots":{"index":"index","follow":"follow","max-snippet":"max-snippet:-1","max-image-preview":"max-image-preview:large","max-video-preview":"max-video-preview:-1"},"canonical":"https:\/\/pravoljudski.org\/bs\/historija\/","og_locale":"bs_BA","og_type":"article","og_title":"Historija - Pravo Ljudski","og_description":"Pravo Ljudski Film Festival nastao je iz posve\u010denosti da zabilje\u017eimo, razotkrijemo, objasnimo, propitujemo, ali i da potaknemo na promi\u0161ljanje putem nezavisnog filma i umjetnosti. Ono \u0161to je 2006. godine zapo\u010deto kao projekcija filmova za studente Evropskog regionalnog magistarskog programa demokratije i ljudskih prava u Jugoisto\u010dnoj Evropi, se od 2006 godine izdiglo kao me\u0111unarodni festival koji...","og_url":"https:\/\/pravoljudski.org\/bs\/historija\/","og_site_name":"Pravo Ljudski","article_publisher":"https:\/\/www.facebook.com\/PravoLjudskiFilmFestival","article_modified_time":"2020-11-05T09:05:59+00:00","og_image":[{"width":2560,"height":1707,"url":"https:\/\/pravoljudski.org\/wp-content\/uploads\/2020\/11\/pljtim-scaled.jpg","type":"image\/jpeg"}],"twitter_card":"summary_large_image","twitter_site":"@pravoljudski","twitter_misc":{"Est. reading time":"1 minuta"},"schema":{"@context":"https:\/\/schema.org","@graph":[{"@type":"WebPage","@id":"https:\/\/pravoljudski.org\/bs\/historija\/","url":"https:\/\/pravoljudski.org\/bs\/historija\/","name":"Historija - Pravo Ljudski","isPartOf":{"@id":"https:\/\/pravoljudski.org\/bs\/#website"},"primaryImageOfPage":{"@id":"https:\/\/pravoljudski.org\/bs\/historija\/#primaryimage"},"image":{"@id":"https:\/\/pravoljudski.org\/bs\/historija\/#primaryimage"},"thumbnailUrl":"https:\/\/pravoljudski.org\/wp-content\/uploads\/2020\/11\/pljtim-scaled.jpg","datePublished":"2020-11-02T20:03:32+00:00","dateModified":"2020-11-05T09:05:59+00:00","breadcrumb":{"@id":"https:\/\/pravoljudski.org\/bs\/historija\/#breadcrumb"},"inLanguage":"bs-BA","potentialAction":[{"@type":"ReadAction","target":["https:\/\/pravoljudski.org\/bs\/historija\/"]}]},{"@type":"ImageObject","inLanguage":"bs-BA","@id":"https:\/\/pravoljudski.org\/bs\/historija\/#primaryimage","url":"https:\/\/pravoljudski.org\/wp-content\/uploads\/2020\/11\/pljtim-scaled.jpg","contentUrl":"https:\/\/pravoljudski.org\/wp-content\/uploads\/2020\/11\/pljtim-scaled.jpg","width":2560,"height":1707},{"@type":"BreadcrumbList","@id":"https:\/\/pravoljudski.org\/bs\/historija\/#breadcrumb","itemListElement":[{"@type":"ListItem","position":1,"name":"Home","item":"https:\/\/pravoljudski.org\/bs\/"},{"@type":"ListItem","position":2,"name":"Historija"}]},{"@type":"WebSite","@id":"https:\/\/pravoljudski.org\/bs\/#website","url":"https:\/\/pravoljudski.org\/bs\/","name":"Pravo Ljudski","description":"","publisher":{"@id":"https:\/\/pravoljudski.org\/bs\/#organization"},"potentialAction":[{"@type":"SearchAction","target":{"@type":"EntryPoint","urlTemplate":"https:\/\/pravoljudski.org\/bs\/?s={search_term_string}"},"query-input":{"@type":"PropertyValueSpecification","valueRequired":true,"valueName":"search_term_string"}}],"inLanguage":"bs-BA"},{"@type":"Organization","@id":"https:\/\/pravoljudski.org\/bs\/#organization","name":"Pravo Ljudski","url":"https:\/\/pravoljudski.org\/bs\/","logo":{"@type":"ImageObject","inLanguage":"bs-BA","@id":"https:\/\/pravoljudski.org\/bs\/#\/schema\/logo\/image\/","url":"https:\/\/pravoljudski.org\/wp-content\/uploads\/2020\/11\/plj-logo.png","contentUrl":"https:\/\/pravoljudski.org\/wp-content\/uploads\/2020\/11\/plj-logo.png","width":800,"height":519,"caption":"Pravo Ljudski"},"image":{"@id":"https:\/\/pravoljudski.org\/bs\/#\/schema\/logo\/image\/"},"sameAs":["https:\/\/www.facebook.com\/PravoLjudskiFilmFestival","https:\/\/x.com\/pravoljudski","https:\/\/www.instagram.com\/pravo_ljudski\/","https:\/\/www.youtube.com\/user\/PravoLjudskiFF"]}]}},"_links":{"self":[{"href":"https:\/\/pravoljudski.org\/bs\/wp-json\/wp\/v2\/pages\/259","targetHints":{"allow":["GET"]}}],"collection":[{"href":"https:\/\/pravoljudski.org\/bs\/wp-json\/wp\/v2\/pages"}],"about":[{"href":"https:\/\/pravoljudski.org\/bs\/wp-json\/wp\/v2\/types\/page"}],"author":[{"embeddable":true,"href":"https:\/\/pravoljudski.org\/bs\/wp-json\/wp\/v2\/users\/1"}],"replies":[{"embeddable":true,"href":"https:\/\/pravoljudski.org\/bs\/wp-json\/wp\/v2\/comments?post=259"}],"version-history":[{"count":1,"href":"https:\/\/pravoljudski.org\/bs\/wp-json\/wp\/v2\/pages\/259\/revisions"}],"predecessor-version":[{"id":260,"href":"https:\/\/pravoljudski.org\/bs\/wp-json\/wp\/v2\/pages\/259\/revisions\/260"}],"wp:featuredmedia":[{"embeddable":true,"href":"https:\/\/pravoljudski.org\/bs\/wp-json\/wp\/v2\/media\/354"}],"wp:attachment":[{"href":"https:\/\/pravoljudski.org\/bs\/wp-json\/wp\/v2\/media?parent=259"}],"curies":[{"name":"wp","href":"https:\/\/api.w.org\/{rel}","templated":true}]}}