{"id":262,"date":"2020-11-03T10:44:20","date_gmt":"2020-11-03T10:44:20","guid":{"rendered":"https:\/\/pravoljudski.org\/introduction\/"},"modified":"2020-11-05T09:07:38","modified_gmt":"2020-11-05T09:07:38","slug":"uvod","status":"publish","type":"page","link":"https:\/\/pravoljudski.org\/bs\/uvod\/","title":{"rendered":"Uvod"},"content":{"rendered":"<p>Pravo Ljudski Film Festival je godi\u0161nji film festival posve\u0107en kreativnom dokumentarnom i eksperimentalnom filmu, koji istra\u017euje sve mogu\u0107e i nemogu\u0107e forme, prakse i dijeljene prostore filma i audio-vizualne umjetnosti.<\/p>\n<p>Festival se svake godine odvija u drugoj sedmici novembra, te predstavlja program sa\u010dinjen od oko 80 kreativnih dokumentarnih i eksperimentalnih filmova i audio-vizualnih umjetni\u010dkih uradaka. Program Pravo Ljudski Film Festivala ulazi u i preuzima kino sale, pozori\u0161ta, biblioteke, umjetni\u010dke galerije, male gradove i sela, planine i parkove, u Sarajevu i \u0161irom zemlje na svojim putovanjima nakon festivala.<\/p>\n<p>Iako je osmi\u0161ljen kroz nekoliko programskih sekcija, Festival ima samo jedan takmi\u010darski program, extra muros, namijenjen za prve ili druge po redu autorske uratke, koji istra\u017euje nove prakse, razdvajanja i sjeci\u0161ta u jeziku kreativnog dokumentarnog i eksperimentalnog filma.<\/p>\n<p>Zasebna platforma za performans u nastajanju, za autore koji stvaraju filmske budu\u0107nosti.<\/p>\n","protected":false},"excerpt":{"rendered":"Pravo Ljudski Film Festival je godi\u0161nji film festival posve\u0107en kreativnom dokumentarnom i eksperimentalnom filmu, koji istra\u017euje sve mogu\u0107e i nemogu\u0107e forme, prakse i dijeljene prostore filma i audio-vizualne umjetnosti. Festival se svake godine odvija u drugoj sedmici novembra, te predstavlja program sa\u010dinjen od oko 80 kreativnih dokumentarnih i eksperimentalnih filmova i audio-vizualnih umjetni\u010dkih uradaka. Program&#8230;","protected":false},"author":1,"featured_media":89,"parent":0,"menu_order":0,"comment_status":"closed","ping_status":"closed","template":"","meta":{"_acf_changed":false,"footnotes":""},"class_list":["post-262","page","type-page","status-publish","has-post-thumbnail","hentry"],"acf":[],"yoast_head":"<!-- This site is optimized with the Yoast SEO plugin v25.9 - https:\/\/yoast.com\/wordpress\/plugins\/seo\/ -->\n<title>Uvod - Pravo Ljudski<\/title>\n<meta name=\"robots\" content=\"index, follow, max-snippet:-1, max-image-preview:large, max-video-preview:-1\" \/>\n<link rel=\"canonical\" href=\"https:\/\/pravoljudski.org\/bs\/uvod\/\" \/>\n<meta property=\"og:locale\" content=\"bs_BA\" \/>\n<meta property=\"og:type\" content=\"article\" \/>\n<meta property=\"og:title\" content=\"Uvod - Pravo Ljudski\" \/>\n<meta property=\"og:description\" content=\"Pravo Ljudski Film Festival je godi\u0161nji film festival posve\u0107en kreativnom dokumentarnom i eksperimentalnom filmu, koji istra\u017euje sve mogu\u0107e i nemogu\u0107e forme, prakse i dijeljene prostore filma i audio-vizualne umjetnosti. Festival se svake godine odvija u drugoj sedmici novembra, te predstavlja program sa\u010dinjen od oko 80 kreativnih dokumentarnih i eksperimentalnih filmova i audio-vizualnih umjetni\u010dkih uradaka. Program...\" \/>\n<meta property=\"og:url\" content=\"https:\/\/pravoljudski.org\/bs\/uvod\/\" \/>\n<meta property=\"og:site_name\" content=\"Pravo Ljudski\" \/>\n<meta property=\"article:publisher\" content=\"https:\/\/www.facebook.com\/PravoLjudskiFilmFestival\" \/>\n<meta property=\"article:modified_time\" content=\"2020-11-05T09:07:38+00:00\" \/>\n<meta property=\"og:image\" content=\"https:\/\/pravoljudski.org\/wp-content\/uploads\/2020\/11\/home_bg.jpg\" \/>\n\t<meta property=\"og:image:width\" content=\"1800\" \/>\n\t<meta property=\"og:image:height\" content=\"1200\" \/>\n\t<meta property=\"og:image:type\" content=\"image\/jpeg\" \/>\n<meta name=\"twitter:card\" content=\"summary_large_image\" \/>\n<meta name=\"twitter:site\" content=\"@pravoljudski\" \/>\n<meta name=\"twitter:label1\" content=\"Est. reading time\" \/>\n\t<meta name=\"twitter:data1\" content=\"1 minuta\" \/>\n<script type=\"application\/ld+json\" class=\"yoast-schema-graph\">{\"@context\":\"https:\/\/schema.org\",\"@graph\":[{\"@type\":\"WebPage\",\"@id\":\"https:\/\/pravoljudski.org\/bs\/uvod\/\",\"url\":\"https:\/\/pravoljudski.org\/bs\/uvod\/\",\"name\":\"Uvod - Pravo Ljudski\",\"isPartOf\":{\"@id\":\"https:\/\/pravoljudski.org\/bs\/#website\"},\"primaryImageOfPage\":{\"@id\":\"https:\/\/pravoljudski.org\/bs\/uvod\/#primaryimage\"},\"image\":{\"@id\":\"https:\/\/pravoljudski.org\/bs\/uvod\/#primaryimage\"},\"thumbnailUrl\":\"https:\/\/pravoljudski.org\/wp-content\/uploads\/2020\/11\/home_bg.jpg\",\"datePublished\":\"2020-11-03T10:44:20+00:00\",\"dateModified\":\"2020-11-05T09:07:38+00:00\",\"breadcrumb\":{\"@id\":\"https:\/\/pravoljudski.org\/bs\/uvod\/#breadcrumb\"},\"inLanguage\":\"bs-BA\",\"potentialAction\":[{\"@type\":\"ReadAction\",\"target\":[\"https:\/\/pravoljudski.org\/bs\/uvod\/\"]}]},{\"@type\":\"ImageObject\",\"inLanguage\":\"bs-BA\",\"@id\":\"https:\/\/pravoljudski.org\/bs\/uvod\/#primaryimage\",\"url\":\"https:\/\/pravoljudski.org\/wp-content\/uploads\/2020\/11\/home_bg.jpg\",\"contentUrl\":\"https:\/\/pravoljudski.org\/wp-content\/uploads\/2020\/11\/home_bg.jpg\",\"width\":1800,\"height\":1200},{\"@type\":\"BreadcrumbList\",\"@id\":\"https:\/\/pravoljudski.org\/bs\/uvod\/#breadcrumb\",\"itemListElement\":[{\"@type\":\"ListItem\",\"position\":1,\"name\":\"Home\",\"item\":\"https:\/\/pravoljudski.org\/bs\/\"},{\"@type\":\"ListItem\",\"position\":2,\"name\":\"Uvod\"}]},{\"@type\":\"WebSite\",\"@id\":\"https:\/\/pravoljudski.org\/bs\/#website\",\"url\":\"https:\/\/pravoljudski.org\/bs\/\",\"name\":\"Pravo Ljudski\",\"description\":\"\",\"publisher\":{\"@id\":\"https:\/\/pravoljudski.org\/bs\/#organization\"},\"potentialAction\":[{\"@type\":\"SearchAction\",\"target\":{\"@type\":\"EntryPoint\",\"urlTemplate\":\"https:\/\/pravoljudski.org\/bs\/?s={search_term_string}\"},\"query-input\":{\"@type\":\"PropertyValueSpecification\",\"valueRequired\":true,\"valueName\":\"search_term_string\"}}],\"inLanguage\":\"bs-BA\"},{\"@type\":\"Organization\",\"@id\":\"https:\/\/pravoljudski.org\/bs\/#organization\",\"name\":\"Pravo Ljudski\",\"url\":\"https:\/\/pravoljudski.org\/bs\/\",\"logo\":{\"@type\":\"ImageObject\",\"inLanguage\":\"bs-BA\",\"@id\":\"https:\/\/pravoljudski.org\/bs\/#\/schema\/logo\/image\/\",\"url\":\"https:\/\/pravoljudski.org\/wp-content\/uploads\/2020\/11\/plj-logo.png\",\"contentUrl\":\"https:\/\/pravoljudski.org\/wp-content\/uploads\/2020\/11\/plj-logo.png\",\"width\":800,\"height\":519,\"caption\":\"Pravo Ljudski\"},\"image\":{\"@id\":\"https:\/\/pravoljudski.org\/bs\/#\/schema\/logo\/image\/\"},\"sameAs\":[\"https:\/\/www.facebook.com\/PravoLjudskiFilmFestival\",\"https:\/\/x.com\/pravoljudski\",\"https:\/\/www.instagram.com\/pravo_ljudski\/\",\"https:\/\/www.youtube.com\/user\/PravoLjudskiFF\"]}]}<\/script>\n<!-- \/ Yoast SEO plugin. -->","yoast_head_json":{"title":"Uvod - Pravo Ljudski","robots":{"index":"index","follow":"follow","max-snippet":"max-snippet:-1","max-image-preview":"max-image-preview:large","max-video-preview":"max-video-preview:-1"},"canonical":"https:\/\/pravoljudski.org\/bs\/uvod\/","og_locale":"bs_BA","og_type":"article","og_title":"Uvod - Pravo Ljudski","og_description":"Pravo Ljudski Film Festival je godi\u0161nji film festival posve\u0107en kreativnom dokumentarnom i eksperimentalnom filmu, koji istra\u017euje sve mogu\u0107e i nemogu\u0107e forme, prakse i dijeljene prostore filma i audio-vizualne umjetnosti. Festival se svake godine odvija u drugoj sedmici novembra, te predstavlja program sa\u010dinjen od oko 80 kreativnih dokumentarnih i eksperimentalnih filmova i audio-vizualnih umjetni\u010dkih uradaka. Program...","og_url":"https:\/\/pravoljudski.org\/bs\/uvod\/","og_site_name":"Pravo Ljudski","article_publisher":"https:\/\/www.facebook.com\/PravoLjudskiFilmFestival","article_modified_time":"2020-11-05T09:07:38+00:00","og_image":[{"width":1800,"height":1200,"url":"https:\/\/pravoljudski.org\/wp-content\/uploads\/2020\/11\/home_bg.jpg","type":"image\/jpeg"}],"twitter_card":"summary_large_image","twitter_site":"@pravoljudski","twitter_misc":{"Est. reading time":"1 minuta"},"schema":{"@context":"https:\/\/schema.org","@graph":[{"@type":"WebPage","@id":"https:\/\/pravoljudski.org\/bs\/uvod\/","url":"https:\/\/pravoljudski.org\/bs\/uvod\/","name":"Uvod - Pravo Ljudski","isPartOf":{"@id":"https:\/\/pravoljudski.org\/bs\/#website"},"primaryImageOfPage":{"@id":"https:\/\/pravoljudski.org\/bs\/uvod\/#primaryimage"},"image":{"@id":"https:\/\/pravoljudski.org\/bs\/uvod\/#primaryimage"},"thumbnailUrl":"https:\/\/pravoljudski.org\/wp-content\/uploads\/2020\/11\/home_bg.jpg","datePublished":"2020-11-03T10:44:20+00:00","dateModified":"2020-11-05T09:07:38+00:00","breadcrumb":{"@id":"https:\/\/pravoljudski.org\/bs\/uvod\/#breadcrumb"},"inLanguage":"bs-BA","potentialAction":[{"@type":"ReadAction","target":["https:\/\/pravoljudski.org\/bs\/uvod\/"]}]},{"@type":"ImageObject","inLanguage":"bs-BA","@id":"https:\/\/pravoljudski.org\/bs\/uvod\/#primaryimage","url":"https:\/\/pravoljudski.org\/wp-content\/uploads\/2020\/11\/home_bg.jpg","contentUrl":"https:\/\/pravoljudski.org\/wp-content\/uploads\/2020\/11\/home_bg.jpg","width":1800,"height":1200},{"@type":"BreadcrumbList","@id":"https:\/\/pravoljudski.org\/bs\/uvod\/#breadcrumb","itemListElement":[{"@type":"ListItem","position":1,"name":"Home","item":"https:\/\/pravoljudski.org\/bs\/"},{"@type":"ListItem","position":2,"name":"Uvod"}]},{"@type":"WebSite","@id":"https:\/\/pravoljudski.org\/bs\/#website","url":"https:\/\/pravoljudski.org\/bs\/","name":"Pravo Ljudski","description":"","publisher":{"@id":"https:\/\/pravoljudski.org\/bs\/#organization"},"potentialAction":[{"@type":"SearchAction","target":{"@type":"EntryPoint","urlTemplate":"https:\/\/pravoljudski.org\/bs\/?s={search_term_string}"},"query-input":{"@type":"PropertyValueSpecification","valueRequired":true,"valueName":"search_term_string"}}],"inLanguage":"bs-BA"},{"@type":"Organization","@id":"https:\/\/pravoljudski.org\/bs\/#organization","name":"Pravo Ljudski","url":"https:\/\/pravoljudski.org\/bs\/","logo":{"@type":"ImageObject","inLanguage":"bs-BA","@id":"https:\/\/pravoljudski.org\/bs\/#\/schema\/logo\/image\/","url":"https:\/\/pravoljudski.org\/wp-content\/uploads\/2020\/11\/plj-logo.png","contentUrl":"https:\/\/pravoljudski.org\/wp-content\/uploads\/2020\/11\/plj-logo.png","width":800,"height":519,"caption":"Pravo Ljudski"},"image":{"@id":"https:\/\/pravoljudski.org\/bs\/#\/schema\/logo\/image\/"},"sameAs":["https:\/\/www.facebook.com\/PravoLjudskiFilmFestival","https:\/\/x.com\/pravoljudski","https:\/\/www.instagram.com\/pravo_ljudski\/","https:\/\/www.youtube.com\/user\/PravoLjudskiFF"]}]}},"_links":{"self":[{"href":"https:\/\/pravoljudski.org\/bs\/wp-json\/wp\/v2\/pages\/262","targetHints":{"allow":["GET"]}}],"collection":[{"href":"https:\/\/pravoljudski.org\/bs\/wp-json\/wp\/v2\/pages"}],"about":[{"href":"https:\/\/pravoljudski.org\/bs\/wp-json\/wp\/v2\/types\/page"}],"author":[{"embeddable":true,"href":"https:\/\/pravoljudski.org\/bs\/wp-json\/wp\/v2\/users\/1"}],"replies":[{"embeddable":true,"href":"https:\/\/pravoljudski.org\/bs\/wp-json\/wp\/v2\/comments?post=262"}],"version-history":[{"count":1,"href":"https:\/\/pravoljudski.org\/bs\/wp-json\/wp\/v2\/pages\/262\/revisions"}],"predecessor-version":[{"id":263,"href":"https:\/\/pravoljudski.org\/bs\/wp-json\/wp\/v2\/pages\/262\/revisions\/263"}],"wp:featuredmedia":[{"embeddable":true,"href":"https:\/\/pravoljudski.org\/bs\/wp-json\/wp\/v2\/media\/89"}],"wp:attachment":[{"href":"https:\/\/pravoljudski.org\/bs\/wp-json\/wp\/v2\/media?parent=262"}],"curies":[{"name":"wp","href":"https:\/\/api.w.org\/{rel}","templated":true}]}}