{"id":273,"date":"2020-11-03T10:45:30","date_gmt":"2020-11-03T10:45:30","guid":{"rendered":"https:\/\/pravoljudski.org\/zoom-rights-youth-festival\/"},"modified":"2020-11-05T09:16:34","modified_gmt":"2020-11-05T09:16:34","slug":"zumiraj-prava-festival-za-mlade","status":"publish","type":"page","link":"https:\/\/pravoljudski.org\/bs\/zumiraj-prava-festival-za-mlade\/","title":{"rendered":"Zumiraj Prava Festival za Mlade"},"content":{"rendered":"<p>Zumiraj prava program za mlade je platforma za dijeljenje iskustava koja spaja socijalno anga\u017eovani film i umjetnost te aktivizam s iskustvenim, neformalnim obrazovnim prilikama. Kao obrazovni program, djeluje na tri nivoa \u2013 kriti\u010dkom (razumijevanje i analiza filmova i tema koje pokrivaju razli\u010diti filmovi i umjetni\u010dka djela); kulturalnom (pro\u0161irivanje iskustva mladih s filmom) i kreativnom (mladi ljudi koji sami stvaraju filmove).<\/p>\n<p>Mada se aktivnosti u okviru Zumiraj prava programa za mlade odvijaju tokom cijele godine, najistaknutiji dio Zumiraj prava predstavljaju festivalske aktivnosti, u obliku godi\u0161njeg trodnevnog festivala za mlade u dobi od 14 do 25 godina, koji se odvija tokom Pravo Ljudski Film Festivala.<\/p>\n<p>Klju\u010dni dio Zumiraj prava je Zumiraj dokumentarni film, sa\u010dinjen od projekcija aktualnih, anga\u017eiranih kreativnih dokumentarnih filmova koji se bave temama relevantnim za globalna i lokalna pitanja i interese mlade publike.<\/p>\n<p>Svake godine, grupa dugogodi\u0161njih u\u010desnika na Zumiraj prava sa\u010dinjavaju Zumiraj prava \u017eiri za mlade. Du\u017enost \u017eirija je izabrati Najbolji Zumiraj prava film za mlade, koji ima najkreativniji pristup temi relevantnoj za mladu publiku.<\/p>\n<p>U sredi\u0161tu Zumiraj animaciju su kreativna filmska rje\u0161enja koja svoju temu komuniciraju umjetni\u010dkim jezikom animiranog filma.<\/p>\n<p>Program Budu\u0107nost je sada je posve\u0107en mladim filmskim autorima i autoricama, u\u010desnicima regionalnih \u0161kola kreativnog dokumentarnog filma. Sadr\u017ei se od filmova nastalim na filmskim \u0161kolama koje organizuje Pravo Ljudski, ili na regionalnim \u0161kolama nastali u suradnji s Pravo Ljudski. Budu\u0107nost je sada djeluje kao platforma za promociju filma me\u0111u mladima u region, kao i za osna\u017eivanje talentiranih mladih autora i autorica.<\/p>\n<p>Pored projekcija, tokom trodnevnog festivala organizuju se brojne edukativne radionice. Ove radionice nemaju za cilj samo pro\u0161iriti ponudu raznovrsnih, otvorenih obrazovnih prilika, ve\u0107 i postaviti se kao mjesto susreta za kreativne mlade ljude \u0161irom regiona sli\u010dnih interesovanja i na\u010dina izra\u017eavanja.<\/p>\n<p>Na posljetku, Zumiraj prava konkurs za najbolju fotografiju prikuplja stotine fotografskih odgovora na temu koja pro\u017eima razli\u010dita okru\u017eenja, osje\u0107aje, pri\u010de i iskustva, a sve od mladih fotografa i fotografkinja \u0161irom Bosne i Hercegovine. Odabrane fotografije budu dio izlo\u017ebe odr\u017eane tokom Zumiraj prava festivala za mlade, a \u017eiri sa\u010dinjen od autora i autorica iz razli\u010ditih kreativnih oblasti dodjeljuje nagradu za Najbolje Zumiraj prava fotografije za mlade najuspje\u0161nijoj fotografiji konkursa.<\/p>\n","protected":false},"excerpt":{"rendered":"Zumiraj prava program za mlade je platforma za dijeljenje iskustava koja spaja socijalno anga\u017eovani film i umjetnost te aktivizam s iskustvenim, neformalnim obrazovnim prilikama. Kao obrazovni program, djeluje na tri nivoa \u2013 kriti\u010dkom (razumijevanje i analiza filmova i tema koje pokrivaju razli\u010diti filmovi i umjetni\u010dka djela); kulturalnom (pro\u0161irivanje iskustva mladih s filmom) i kreativnom (mladi&#8230;","protected":false},"author":1,"featured_media":9,"parent":0,"menu_order":0,"comment_status":"closed","ping_status":"closed","template":"","meta":{"_acf_changed":false,"footnotes":""},"class_list":["post-273","page","type-page","status-publish","has-post-thumbnail","hentry"],"acf":[],"yoast_head":"<!-- This site is optimized with the Yoast SEO plugin v25.9 - https:\/\/yoast.com\/wordpress\/plugins\/seo\/ -->\n<title>Zumiraj Prava Festival za Mlade - Pravo Ljudski<\/title>\n<meta name=\"robots\" content=\"index, follow, max-snippet:-1, max-image-preview:large, max-video-preview:-1\" \/>\n<link rel=\"canonical\" href=\"https:\/\/pravoljudski.org\/bs\/zumiraj-prava-festival-za-mlade\/\" \/>\n<meta property=\"og:locale\" content=\"bs_BA\" \/>\n<meta property=\"og:type\" content=\"article\" \/>\n<meta property=\"og:title\" content=\"Zumiraj Prava Festival za Mlade - Pravo Ljudski\" \/>\n<meta property=\"og:description\" content=\"Zumiraj prava program za mlade je platforma za dijeljenje iskustava koja spaja socijalno anga\u017eovani film i umjetnost te aktivizam s iskustvenim, neformalnim obrazovnim prilikama. Kao obrazovni program, djeluje na tri nivoa \u2013 kriti\u010dkom (razumijevanje i analiza filmova i tema koje pokrivaju razli\u010diti filmovi i umjetni\u010dka djela); kulturalnom (pro\u0161irivanje iskustva mladih s filmom) i kreativnom (mladi...\" \/>\n<meta property=\"og:url\" content=\"https:\/\/pravoljudski.org\/bs\/zumiraj-prava-festival-za-mlade\/\" \/>\n<meta property=\"og:site_name\" content=\"Pravo Ljudski\" \/>\n<meta property=\"article:publisher\" content=\"https:\/\/www.facebook.com\/PravoLjudskiFilmFestival\" \/>\n<meta property=\"article:modified_time\" content=\"2020-11-05T09:16:34+00:00\" \/>\n<meta property=\"og:image\" content=\"https:\/\/pravoljudski.org\/wp-content\/uploads\/2020\/11\/zoom.jpg\" \/>\n\t<meta property=\"og:image:width\" content=\"1626\" \/>\n\t<meta property=\"og:image:height\" content=\"1080\" \/>\n\t<meta property=\"og:image:type\" content=\"image\/jpeg\" \/>\n<meta name=\"twitter:card\" content=\"summary_large_image\" \/>\n<meta name=\"twitter:site\" content=\"@pravoljudski\" \/>\n<meta name=\"twitter:label1\" content=\"Est. reading time\" \/>\n\t<meta name=\"twitter:data1\" content=\"2 minute\" \/>\n<script type=\"application\/ld+json\" class=\"yoast-schema-graph\">{\"@context\":\"https:\/\/schema.org\",\"@graph\":[{\"@type\":\"WebPage\",\"@id\":\"https:\/\/pravoljudski.org\/bs\/zumiraj-prava-festival-za-mlade\/\",\"url\":\"https:\/\/pravoljudski.org\/bs\/zumiraj-prava-festival-za-mlade\/\",\"name\":\"Zumiraj Prava Festival za Mlade - Pravo Ljudski\",\"isPartOf\":{\"@id\":\"https:\/\/pravoljudski.org\/bs\/#website\"},\"primaryImageOfPage\":{\"@id\":\"https:\/\/pravoljudski.org\/bs\/zumiraj-prava-festival-za-mlade\/#primaryimage\"},\"image\":{\"@id\":\"https:\/\/pravoljudski.org\/bs\/zumiraj-prava-festival-za-mlade\/#primaryimage\"},\"thumbnailUrl\":\"https:\/\/pravoljudski.org\/wp-content\/uploads\/2020\/11\/zoom.jpg\",\"datePublished\":\"2020-11-03T10:45:30+00:00\",\"dateModified\":\"2020-11-05T09:16:34+00:00\",\"breadcrumb\":{\"@id\":\"https:\/\/pravoljudski.org\/bs\/zumiraj-prava-festival-za-mlade\/#breadcrumb\"},\"inLanguage\":\"bs-BA\",\"potentialAction\":[{\"@type\":\"ReadAction\",\"target\":[\"https:\/\/pravoljudski.org\/bs\/zumiraj-prava-festival-za-mlade\/\"]}]},{\"@type\":\"ImageObject\",\"inLanguage\":\"bs-BA\",\"@id\":\"https:\/\/pravoljudski.org\/bs\/zumiraj-prava-festival-za-mlade\/#primaryimage\",\"url\":\"https:\/\/pravoljudski.org\/wp-content\/uploads\/2020\/11\/zoom.jpg\",\"contentUrl\":\"https:\/\/pravoljudski.org\/wp-content\/uploads\/2020\/11\/zoom.jpg\",\"width\":1626,\"height\":1080},{\"@type\":\"BreadcrumbList\",\"@id\":\"https:\/\/pravoljudski.org\/bs\/zumiraj-prava-festival-za-mlade\/#breadcrumb\",\"itemListElement\":[{\"@type\":\"ListItem\",\"position\":1,\"name\":\"Home\",\"item\":\"https:\/\/pravoljudski.org\/bs\/\"},{\"@type\":\"ListItem\",\"position\":2,\"name\":\"Zumiraj Prava Festival za Mlade\"}]},{\"@type\":\"WebSite\",\"@id\":\"https:\/\/pravoljudski.org\/bs\/#website\",\"url\":\"https:\/\/pravoljudski.org\/bs\/\",\"name\":\"Pravo Ljudski\",\"description\":\"\",\"publisher\":{\"@id\":\"https:\/\/pravoljudski.org\/bs\/#organization\"},\"potentialAction\":[{\"@type\":\"SearchAction\",\"target\":{\"@type\":\"EntryPoint\",\"urlTemplate\":\"https:\/\/pravoljudski.org\/bs\/?s={search_term_string}\"},\"query-input\":{\"@type\":\"PropertyValueSpecification\",\"valueRequired\":true,\"valueName\":\"search_term_string\"}}],\"inLanguage\":\"bs-BA\"},{\"@type\":\"Organization\",\"@id\":\"https:\/\/pravoljudski.org\/bs\/#organization\",\"name\":\"Pravo Ljudski\",\"url\":\"https:\/\/pravoljudski.org\/bs\/\",\"logo\":{\"@type\":\"ImageObject\",\"inLanguage\":\"bs-BA\",\"@id\":\"https:\/\/pravoljudski.org\/bs\/#\/schema\/logo\/image\/\",\"url\":\"https:\/\/pravoljudski.org\/wp-content\/uploads\/2020\/11\/plj-logo.png\",\"contentUrl\":\"https:\/\/pravoljudski.org\/wp-content\/uploads\/2020\/11\/plj-logo.png\",\"width\":800,\"height\":519,\"caption\":\"Pravo Ljudski\"},\"image\":{\"@id\":\"https:\/\/pravoljudski.org\/bs\/#\/schema\/logo\/image\/\"},\"sameAs\":[\"https:\/\/www.facebook.com\/PravoLjudskiFilmFestival\",\"https:\/\/x.com\/pravoljudski\",\"https:\/\/www.instagram.com\/pravo_ljudski\/\",\"https:\/\/www.youtube.com\/user\/PravoLjudskiFF\"]}]}<\/script>\n<!-- \/ Yoast SEO plugin. -->","yoast_head_json":{"title":"Zumiraj Prava Festival za Mlade - Pravo Ljudski","robots":{"index":"index","follow":"follow","max-snippet":"max-snippet:-1","max-image-preview":"max-image-preview:large","max-video-preview":"max-video-preview:-1"},"canonical":"https:\/\/pravoljudski.org\/bs\/zumiraj-prava-festival-za-mlade\/","og_locale":"bs_BA","og_type":"article","og_title":"Zumiraj Prava Festival za Mlade - Pravo Ljudski","og_description":"Zumiraj prava program za mlade je platforma za dijeljenje iskustava koja spaja socijalno anga\u017eovani film i umjetnost te aktivizam s iskustvenim, neformalnim obrazovnim prilikama. Kao obrazovni program, djeluje na tri nivoa \u2013 kriti\u010dkom (razumijevanje i analiza filmova i tema koje pokrivaju razli\u010diti filmovi i umjetni\u010dka djela); kulturalnom (pro\u0161irivanje iskustva mladih s filmom) i kreativnom (mladi...","og_url":"https:\/\/pravoljudski.org\/bs\/zumiraj-prava-festival-za-mlade\/","og_site_name":"Pravo Ljudski","article_publisher":"https:\/\/www.facebook.com\/PravoLjudskiFilmFestival","article_modified_time":"2020-11-05T09:16:34+00:00","og_image":[{"width":1626,"height":1080,"url":"https:\/\/pravoljudski.org\/wp-content\/uploads\/2020\/11\/zoom.jpg","type":"image\/jpeg"}],"twitter_card":"summary_large_image","twitter_site":"@pravoljudski","twitter_misc":{"Est. reading time":"2 minute"},"schema":{"@context":"https:\/\/schema.org","@graph":[{"@type":"WebPage","@id":"https:\/\/pravoljudski.org\/bs\/zumiraj-prava-festival-za-mlade\/","url":"https:\/\/pravoljudski.org\/bs\/zumiraj-prava-festival-za-mlade\/","name":"Zumiraj Prava Festival za Mlade - Pravo Ljudski","isPartOf":{"@id":"https:\/\/pravoljudski.org\/bs\/#website"},"primaryImageOfPage":{"@id":"https:\/\/pravoljudski.org\/bs\/zumiraj-prava-festival-za-mlade\/#primaryimage"},"image":{"@id":"https:\/\/pravoljudski.org\/bs\/zumiraj-prava-festival-za-mlade\/#primaryimage"},"thumbnailUrl":"https:\/\/pravoljudski.org\/wp-content\/uploads\/2020\/11\/zoom.jpg","datePublished":"2020-11-03T10:45:30+00:00","dateModified":"2020-11-05T09:16:34+00:00","breadcrumb":{"@id":"https:\/\/pravoljudski.org\/bs\/zumiraj-prava-festival-za-mlade\/#breadcrumb"},"inLanguage":"bs-BA","potentialAction":[{"@type":"ReadAction","target":["https:\/\/pravoljudski.org\/bs\/zumiraj-prava-festival-za-mlade\/"]}]},{"@type":"ImageObject","inLanguage":"bs-BA","@id":"https:\/\/pravoljudski.org\/bs\/zumiraj-prava-festival-za-mlade\/#primaryimage","url":"https:\/\/pravoljudski.org\/wp-content\/uploads\/2020\/11\/zoom.jpg","contentUrl":"https:\/\/pravoljudski.org\/wp-content\/uploads\/2020\/11\/zoom.jpg","width":1626,"height":1080},{"@type":"BreadcrumbList","@id":"https:\/\/pravoljudski.org\/bs\/zumiraj-prava-festival-za-mlade\/#breadcrumb","itemListElement":[{"@type":"ListItem","position":1,"name":"Home","item":"https:\/\/pravoljudski.org\/bs\/"},{"@type":"ListItem","position":2,"name":"Zumiraj Prava Festival za Mlade"}]},{"@type":"WebSite","@id":"https:\/\/pravoljudski.org\/bs\/#website","url":"https:\/\/pravoljudski.org\/bs\/","name":"Pravo Ljudski","description":"","publisher":{"@id":"https:\/\/pravoljudski.org\/bs\/#organization"},"potentialAction":[{"@type":"SearchAction","target":{"@type":"EntryPoint","urlTemplate":"https:\/\/pravoljudski.org\/bs\/?s={search_term_string}"},"query-input":{"@type":"PropertyValueSpecification","valueRequired":true,"valueName":"search_term_string"}}],"inLanguage":"bs-BA"},{"@type":"Organization","@id":"https:\/\/pravoljudski.org\/bs\/#organization","name":"Pravo Ljudski","url":"https:\/\/pravoljudski.org\/bs\/","logo":{"@type":"ImageObject","inLanguage":"bs-BA","@id":"https:\/\/pravoljudski.org\/bs\/#\/schema\/logo\/image\/","url":"https:\/\/pravoljudski.org\/wp-content\/uploads\/2020\/11\/plj-logo.png","contentUrl":"https:\/\/pravoljudski.org\/wp-content\/uploads\/2020\/11\/plj-logo.png","width":800,"height":519,"caption":"Pravo Ljudski"},"image":{"@id":"https:\/\/pravoljudski.org\/bs\/#\/schema\/logo\/image\/"},"sameAs":["https:\/\/www.facebook.com\/PravoLjudskiFilmFestival","https:\/\/x.com\/pravoljudski","https:\/\/www.instagram.com\/pravo_ljudski\/","https:\/\/www.youtube.com\/user\/PravoLjudskiFF"]}]}},"_links":{"self":[{"href":"https:\/\/pravoljudski.org\/bs\/wp-json\/wp\/v2\/pages\/273","targetHints":{"allow":["GET"]}}],"collection":[{"href":"https:\/\/pravoljudski.org\/bs\/wp-json\/wp\/v2\/pages"}],"about":[{"href":"https:\/\/pravoljudski.org\/bs\/wp-json\/wp\/v2\/types\/page"}],"author":[{"embeddable":true,"href":"https:\/\/pravoljudski.org\/bs\/wp-json\/wp\/v2\/users\/1"}],"replies":[{"embeddable":true,"href":"https:\/\/pravoljudski.org\/bs\/wp-json\/wp\/v2\/comments?post=273"}],"version-history":[{"count":1,"href":"https:\/\/pravoljudski.org\/bs\/wp-json\/wp\/v2\/pages\/273\/revisions"}],"predecessor-version":[{"id":274,"href":"https:\/\/pravoljudski.org\/bs\/wp-json\/wp\/v2\/pages\/273\/revisions\/274"}],"wp:featuredmedia":[{"embeddable":true,"href":"https:\/\/pravoljudski.org\/bs\/wp-json\/wp\/v2\/media\/9"}],"wp:attachment":[{"href":"https:\/\/pravoljudski.org\/bs\/wp-json\/wp\/v2\/media?parent=273"}],"curies":[{"name":"wp","href":"https:\/\/api.w.org\/{rel}","templated":true}]}}