{"id":279,"date":"2020-11-03T10:46:13","date_gmt":"2020-11-03T10:46:13","guid":{"rendered":"https:\/\/pravoljudski.org\/about-zoom-rights-in-school-work-with-us\/"},"modified":"2020-11-06T08:23:42","modified_gmt":"2020-11-06T08:23:42","slug":"o-zumiraj-prava-u-skoli","status":"publish","type":"page","link":"https:\/\/pravoljudski.org\/bs\/o-zumiraj-prava-u-skoli\/","title":{"rendered":"O Zumiraj Prava u \u0160koli"},"content":{"rendered":"<p>Zumiraj prava u \u0161koli je platforma za podr\u0161ku edukatorima i edukatoricama u procesu formalnog i neformalnog obrazovanja. Kroz program se te\u017ei motivirati razmjena mi\u0161ljenja i iskustava o temama o kojima mladi u procesu nastave te\u0161ko progovaraju ili koje nisu u mogu\u0107nosti istra\u017eiti unutar propisanog nastavnog plana i programa. Jedan od glavnih ciljeva programa je razvoj senzibiliteta prema nezavisnom filmu, audiovizuelnoj umjetnosti i kreativnom dokumentarnom filmu.<\/p>\n<p>Zumiraj prava u \u0161koli sastoji se od dva temeljna segmenta (1). Suradnja sa nastavnicima\/cama i profesorima\/cama koja podrazumijeva upoznavanje nastavnog osoblja srednjih i vi\u0161ih razreda osnovnih \u0161kola sa audiovizuelnim materijalima koji slu\u017ee kao kreativna nadopuna ve\u0107 predvi\u0111enih nastavnih jedinica i materija koje se obra\u0111uju unutar pojedinih nastavnih predmeta; i (2). Suradnja sa u\u010denicima\/cama koja podrazumijeva veliki broj audiovizuelnih materijala i filmova koji \u0107e im biti dostupni, osnivanje filmskih klubova, mentorstvo razli\u010ditih incijativa i projekata, natje\u010daji iz oblasti kulture i umjetnosti, te informativni i obrazovni materijali koji se slobodno mogu preuzeti sa Pravo Ljudski web platforme.<\/p>\n<p>Metodologija Zumiraj prava u \u0161koli namijenjena edukatorima i edukatoricama koncipirana je kroz dva priru\u010dnika Zumiraj prava u \u0161koli i Zumiraj zapo\u0161ljavanje mladih koji su nastali kroz intenzivnu saradnju i savjetovanje sa profesorima i profesoricama iz cijele Bosne i Hercegovine.<\/p>\n<p>Metodologija i priru\u010dnik programa Zumiraj prava u \u0161koli razvijeni su uz velikodu\u0161nu podr\u0161ku Nacionalne fondacije za demokratiju (National Endowment for Democracy) iz Washington DC, SAD.<\/p>\n<p>Metodologija i priru\u010dnik Zumiraj zapo\u0161ljavanje mladih je nastao u sklopu partnerske saradnje sa Projektom zapo\u0161ljavanja mladih (YEP), uz podr\u0161ku Ambasade \u0160vicarske u BiH.<\/p>\n<p>Za vi\u0161e informacija o kori\u0161tenju priru\u010dnika i izabranih audiovizuelnih materijala kao i filmova, slobodno nam se obratite na coordination@pravoljudski.org<\/p>\n<p>Za informativne, relevantne sadr\u017eaje i novosti o metodologiji, priru\u010dnicima i radu Zumiraj prava u \u0161koli pratite nas na na\u0161oj\u00a0<a href=\"https:\/\/www.facebook.com\/PravoLjudskiFilmFestival\">facebook stranici<\/a>\u00a0i\u00a0<a href=\"https:\/\/twitter.com\/pravoljudski\">twitter<\/a>.<\/p>\n<h2>Sara\u0111ujte s nama<\/h2>\n<p>Pravo Ljudski svoja dva priru\u010dnika nudi besplatno svim nastavnicama i nastavnicima, edukatorima i edukatoricama iz osnovnih i srednjih \u0161kola u Bosni i Hercegovini.<\/p>\n<p>Ukoliko ste zainteresovani za kori\u0161tenje priru\u010dnika, kao i radionice i obuke o kori\u0161tenju audio-vizuelnih materijala i filma u nastavi, slobodno nam se obratite na <a href=\"mailto:zoomrights@pravoljudski.org\">zoomrights@pravoljudski.org.<\/a><\/p>\n","protected":false},"excerpt":{"rendered":"Zumiraj prava u \u0161koli je platforma za podr\u0161ku edukatorima i edukatoricama u procesu formalnog i neformalnog obrazovanja. Kroz program se te\u017ei motivirati razmjena mi\u0161ljenja i iskustava o temama o kojima mladi u procesu nastave te\u0161ko progovaraju ili koje nisu u mogu\u0107nosti istra\u017eiti unutar propisanog nastavnog plana i programa. Jedan od glavnih ciljeva programa je razvoj&#8230;","protected":false},"author":1,"featured_media":276,"parent":0,"menu_order":0,"comment_status":"closed","ping_status":"closed","template":"","meta":{"_acf_changed":false,"footnotes":""},"class_list":["post-279","page","type-page","status-publish","has-post-thumbnail","hentry"],"acf":[],"yoast_head":"<!-- This site is optimized with the Yoast SEO plugin v25.9 - https:\/\/yoast.com\/wordpress\/plugins\/seo\/ -->\n<title>O Zumiraj Prava u \u0160koli - Pravo Ljudski<\/title>\n<meta name=\"robots\" content=\"index, follow, max-snippet:-1, max-image-preview:large, max-video-preview:-1\" \/>\n<link rel=\"canonical\" href=\"https:\/\/pravoljudski.org\/bs\/o-zumiraj-prava-u-skoli\/\" \/>\n<meta property=\"og:locale\" content=\"bs_BA\" \/>\n<meta property=\"og:type\" content=\"article\" \/>\n<meta property=\"og:title\" content=\"O Zumiraj Prava u \u0160koli - Pravo Ljudski\" \/>\n<meta property=\"og:description\" content=\"Zumiraj prava u \u0161koli je platforma za podr\u0161ku edukatorima i edukatoricama u procesu formalnog i neformalnog obrazovanja. Kroz program se te\u017ei motivirati razmjena mi\u0161ljenja i iskustava o temama o kojima mladi u procesu nastave te\u0161ko progovaraju ili koje nisu u mogu\u0107nosti istra\u017eiti unutar propisanog nastavnog plana i programa. Jedan od glavnih ciljeva programa je razvoj...\" \/>\n<meta property=\"og:url\" content=\"https:\/\/pravoljudski.org\/bs\/o-zumiraj-prava-u-skoli\/\" \/>\n<meta property=\"og:site_name\" content=\"Pravo Ljudski\" \/>\n<meta property=\"article:publisher\" content=\"https:\/\/www.facebook.com\/PravoLjudskiFilmFestival\" \/>\n<meta property=\"article:modified_time\" content=\"2020-11-06T08:23:42+00:00\" \/>\n<meta property=\"og:image\" content=\"https:\/\/pravoljudski.org\/wp-content\/uploads\/2020\/11\/Zoomsc.jpg\" \/>\n\t<meta property=\"og:image:width\" content=\"1613\" \/>\n\t<meta property=\"og:image:height\" content=\"1080\" \/>\n\t<meta property=\"og:image:type\" content=\"image\/jpeg\" \/>\n<meta name=\"twitter:card\" content=\"summary_large_image\" \/>\n<meta name=\"twitter:site\" content=\"@pravoljudski\" \/>\n<meta name=\"twitter:label1\" content=\"Est. reading time\" \/>\n\t<meta name=\"twitter:data1\" content=\"2 minute\" \/>\n<script type=\"application\/ld+json\" class=\"yoast-schema-graph\">{\"@context\":\"https:\/\/schema.org\",\"@graph\":[{\"@type\":\"WebPage\",\"@id\":\"https:\/\/pravoljudski.org\/bs\/o-zumiraj-prava-u-skoli\/\",\"url\":\"https:\/\/pravoljudski.org\/bs\/o-zumiraj-prava-u-skoli\/\",\"name\":\"O Zumiraj Prava u \u0160koli - Pravo Ljudski\",\"isPartOf\":{\"@id\":\"https:\/\/pravoljudski.org\/bs\/#website\"},\"primaryImageOfPage\":{\"@id\":\"https:\/\/pravoljudski.org\/bs\/o-zumiraj-prava-u-skoli\/#primaryimage\"},\"image\":{\"@id\":\"https:\/\/pravoljudski.org\/bs\/o-zumiraj-prava-u-skoli\/#primaryimage\"},\"thumbnailUrl\":\"https:\/\/pravoljudski.org\/wp-content\/uploads\/2020\/11\/Zoomsc.jpg\",\"datePublished\":\"2020-11-03T10:46:13+00:00\",\"dateModified\":\"2020-11-06T08:23:42+00:00\",\"breadcrumb\":{\"@id\":\"https:\/\/pravoljudski.org\/bs\/o-zumiraj-prava-u-skoli\/#breadcrumb\"},\"inLanguage\":\"bs-BA\",\"potentialAction\":[{\"@type\":\"ReadAction\",\"target\":[\"https:\/\/pravoljudski.org\/bs\/o-zumiraj-prava-u-skoli\/\"]}]},{\"@type\":\"ImageObject\",\"inLanguage\":\"bs-BA\",\"@id\":\"https:\/\/pravoljudski.org\/bs\/o-zumiraj-prava-u-skoli\/#primaryimage\",\"url\":\"https:\/\/pravoljudski.org\/wp-content\/uploads\/2020\/11\/Zoomsc.jpg\",\"contentUrl\":\"https:\/\/pravoljudski.org\/wp-content\/uploads\/2020\/11\/Zoomsc.jpg\",\"width\":1613,\"height\":1080},{\"@type\":\"BreadcrumbList\",\"@id\":\"https:\/\/pravoljudski.org\/bs\/o-zumiraj-prava-u-skoli\/#breadcrumb\",\"itemListElement\":[{\"@type\":\"ListItem\",\"position\":1,\"name\":\"Home\",\"item\":\"https:\/\/pravoljudski.org\/bs\/\"},{\"@type\":\"ListItem\",\"position\":2,\"name\":\"O Zumiraj Prava u \u0160koli\"}]},{\"@type\":\"WebSite\",\"@id\":\"https:\/\/pravoljudski.org\/bs\/#website\",\"url\":\"https:\/\/pravoljudski.org\/bs\/\",\"name\":\"Pravo Ljudski\",\"description\":\"\",\"publisher\":{\"@id\":\"https:\/\/pravoljudski.org\/bs\/#organization\"},\"potentialAction\":[{\"@type\":\"SearchAction\",\"target\":{\"@type\":\"EntryPoint\",\"urlTemplate\":\"https:\/\/pravoljudski.org\/bs\/?s={search_term_string}\"},\"query-input\":{\"@type\":\"PropertyValueSpecification\",\"valueRequired\":true,\"valueName\":\"search_term_string\"}}],\"inLanguage\":\"bs-BA\"},{\"@type\":\"Organization\",\"@id\":\"https:\/\/pravoljudski.org\/bs\/#organization\",\"name\":\"Pravo Ljudski\",\"url\":\"https:\/\/pravoljudski.org\/bs\/\",\"logo\":{\"@type\":\"ImageObject\",\"inLanguage\":\"bs-BA\",\"@id\":\"https:\/\/pravoljudski.org\/bs\/#\/schema\/logo\/image\/\",\"url\":\"https:\/\/pravoljudski.org\/wp-content\/uploads\/2020\/11\/plj-logo.png\",\"contentUrl\":\"https:\/\/pravoljudski.org\/wp-content\/uploads\/2020\/11\/plj-logo.png\",\"width\":800,\"height\":519,\"caption\":\"Pravo Ljudski\"},\"image\":{\"@id\":\"https:\/\/pravoljudski.org\/bs\/#\/schema\/logo\/image\/\"},\"sameAs\":[\"https:\/\/www.facebook.com\/PravoLjudskiFilmFestival\",\"https:\/\/x.com\/pravoljudski\",\"https:\/\/www.instagram.com\/pravo_ljudski\/\",\"https:\/\/www.youtube.com\/user\/PravoLjudskiFF\"]}]}<\/script>\n<!-- \/ Yoast SEO plugin. -->","yoast_head_json":{"title":"O Zumiraj Prava u \u0160koli - Pravo Ljudski","robots":{"index":"index","follow":"follow","max-snippet":"max-snippet:-1","max-image-preview":"max-image-preview:large","max-video-preview":"max-video-preview:-1"},"canonical":"https:\/\/pravoljudski.org\/bs\/o-zumiraj-prava-u-skoli\/","og_locale":"bs_BA","og_type":"article","og_title":"O Zumiraj Prava u \u0160koli - Pravo Ljudski","og_description":"Zumiraj prava u \u0161koli je platforma za podr\u0161ku edukatorima i edukatoricama u procesu formalnog i neformalnog obrazovanja. Kroz program se te\u017ei motivirati razmjena mi\u0161ljenja i iskustava o temama o kojima mladi u procesu nastave te\u0161ko progovaraju ili koje nisu u mogu\u0107nosti istra\u017eiti unutar propisanog nastavnog plana i programa. Jedan od glavnih ciljeva programa je razvoj...","og_url":"https:\/\/pravoljudski.org\/bs\/o-zumiraj-prava-u-skoli\/","og_site_name":"Pravo Ljudski","article_publisher":"https:\/\/www.facebook.com\/PravoLjudskiFilmFestival","article_modified_time":"2020-11-06T08:23:42+00:00","og_image":[{"width":1613,"height":1080,"url":"https:\/\/pravoljudski.org\/wp-content\/uploads\/2020\/11\/Zoomsc.jpg","type":"image\/jpeg"}],"twitter_card":"summary_large_image","twitter_site":"@pravoljudski","twitter_misc":{"Est. reading time":"2 minute"},"schema":{"@context":"https:\/\/schema.org","@graph":[{"@type":"WebPage","@id":"https:\/\/pravoljudski.org\/bs\/o-zumiraj-prava-u-skoli\/","url":"https:\/\/pravoljudski.org\/bs\/o-zumiraj-prava-u-skoli\/","name":"O Zumiraj Prava u \u0160koli - Pravo Ljudski","isPartOf":{"@id":"https:\/\/pravoljudski.org\/bs\/#website"},"primaryImageOfPage":{"@id":"https:\/\/pravoljudski.org\/bs\/o-zumiraj-prava-u-skoli\/#primaryimage"},"image":{"@id":"https:\/\/pravoljudski.org\/bs\/o-zumiraj-prava-u-skoli\/#primaryimage"},"thumbnailUrl":"https:\/\/pravoljudski.org\/wp-content\/uploads\/2020\/11\/Zoomsc.jpg","datePublished":"2020-11-03T10:46:13+00:00","dateModified":"2020-11-06T08:23:42+00:00","breadcrumb":{"@id":"https:\/\/pravoljudski.org\/bs\/o-zumiraj-prava-u-skoli\/#breadcrumb"},"inLanguage":"bs-BA","potentialAction":[{"@type":"ReadAction","target":["https:\/\/pravoljudski.org\/bs\/o-zumiraj-prava-u-skoli\/"]}]},{"@type":"ImageObject","inLanguage":"bs-BA","@id":"https:\/\/pravoljudski.org\/bs\/o-zumiraj-prava-u-skoli\/#primaryimage","url":"https:\/\/pravoljudski.org\/wp-content\/uploads\/2020\/11\/Zoomsc.jpg","contentUrl":"https:\/\/pravoljudski.org\/wp-content\/uploads\/2020\/11\/Zoomsc.jpg","width":1613,"height":1080},{"@type":"BreadcrumbList","@id":"https:\/\/pravoljudski.org\/bs\/o-zumiraj-prava-u-skoli\/#breadcrumb","itemListElement":[{"@type":"ListItem","position":1,"name":"Home","item":"https:\/\/pravoljudski.org\/bs\/"},{"@type":"ListItem","position":2,"name":"O Zumiraj Prava u \u0160koli"}]},{"@type":"WebSite","@id":"https:\/\/pravoljudski.org\/bs\/#website","url":"https:\/\/pravoljudski.org\/bs\/","name":"Pravo Ljudski","description":"","publisher":{"@id":"https:\/\/pravoljudski.org\/bs\/#organization"},"potentialAction":[{"@type":"SearchAction","target":{"@type":"EntryPoint","urlTemplate":"https:\/\/pravoljudski.org\/bs\/?s={search_term_string}"},"query-input":{"@type":"PropertyValueSpecification","valueRequired":true,"valueName":"search_term_string"}}],"inLanguage":"bs-BA"},{"@type":"Organization","@id":"https:\/\/pravoljudski.org\/bs\/#organization","name":"Pravo Ljudski","url":"https:\/\/pravoljudski.org\/bs\/","logo":{"@type":"ImageObject","inLanguage":"bs-BA","@id":"https:\/\/pravoljudski.org\/bs\/#\/schema\/logo\/image\/","url":"https:\/\/pravoljudski.org\/wp-content\/uploads\/2020\/11\/plj-logo.png","contentUrl":"https:\/\/pravoljudski.org\/wp-content\/uploads\/2020\/11\/plj-logo.png","width":800,"height":519,"caption":"Pravo Ljudski"},"image":{"@id":"https:\/\/pravoljudski.org\/bs\/#\/schema\/logo\/image\/"},"sameAs":["https:\/\/www.facebook.com\/PravoLjudskiFilmFestival","https:\/\/x.com\/pravoljudski","https:\/\/www.instagram.com\/pravo_ljudski\/","https:\/\/www.youtube.com\/user\/PravoLjudskiFF"]}]}},"_links":{"self":[{"href":"https:\/\/pravoljudski.org\/bs\/wp-json\/wp\/v2\/pages\/279","targetHints":{"allow":["GET"]}}],"collection":[{"href":"https:\/\/pravoljudski.org\/bs\/wp-json\/wp\/v2\/pages"}],"about":[{"href":"https:\/\/pravoljudski.org\/bs\/wp-json\/wp\/v2\/types\/page"}],"author":[{"embeddable":true,"href":"https:\/\/pravoljudski.org\/bs\/wp-json\/wp\/v2\/users\/1"}],"replies":[{"embeddable":true,"href":"https:\/\/pravoljudski.org\/bs\/wp-json\/wp\/v2\/comments?post=279"}],"version-history":[{"count":3,"href":"https:\/\/pravoljudski.org\/bs\/wp-json\/wp\/v2\/pages\/279\/revisions"}],"predecessor-version":[{"id":320,"href":"https:\/\/pravoljudski.org\/bs\/wp-json\/wp\/v2\/pages\/279\/revisions\/320"}],"wp:featuredmedia":[{"embeddable":true,"href":"https:\/\/pravoljudski.org\/bs\/wp-json\/wp\/v2\/media\/276"}],"wp:attachment":[{"href":"https:\/\/pravoljudski.org\/bs\/wp-json\/wp\/v2\/media?parent=279"}],"curies":[{"name":"wp","href":"https:\/\/api.w.org\/{rel}","templated":true}]}}