{"id":388,"date":"2020-11-03T10:45:46","date_gmt":"2020-11-03T10:45:46","guid":{"rendered":"https:\/\/pravoljudski.org\/creative-doc-school-ko-je-vidio-video\/"},"modified":"2020-11-07T09:08:44","modified_gmt":"2020-11-07T09:08:44","slug":"skola-kreativnog-dokumentarnog-filma-ko-je-vidio-video","status":"publish","type":"page","link":"https:\/\/pravoljudski.org\/bs\/skola-kreativnog-dokumentarnog-filma-ko-je-vidio-video\/","title":{"rendered":"\u0160kola kreativnog dokumentarnog filma Ko je vidio video?!"},"content":{"rendered":"<p><strong>Ko je vidio Video?! \u2013 Creative Documentary Film School\u00a0<\/strong><\/p>\n<p>Ko je vidio Video?! the creative documentary film school of the Pravo Ljudski Film Festival is an all-inclusive learning process of maturation and empowerment of youth to use video as a form for artistic expression.<\/p>\n<p><strong>Artistic Directors:<\/strong><\/p>\n<p>Kumjana Novakova &amp; Guillermo Carreras-Candi<\/p>\n<p><strong>Film Tutors:<\/strong><\/p>\n<p>Guillermo Carreras-Candi, Sr\u0111an Ke\u010da, Vladimir Tomi\u0107<\/p>\n<p>Because an internet connection and a camera phone never were and never will be enough.<\/p>\n<p>KVV is essentially an introductory lesson into the neverending dialogue of sharing. It ties together the shoelaces of making hasty assumptions and jumping to conclusions \u2013 something that would have otherwise demanded years of isolated revalations, if not for the intimacy of its design. This, particularly, because it targets the isolation designated for the sensibilities of bus-stop screenwriters and the bedroom auteurs of eventual acheivement \u2013 and dissolves it. You make friends. You meet people who\u2019ve also never seen the inside bits of a camera \u2013 but still for some mysterious force or a past life, really really want to.<\/p>\n<p>Farah Hasanbegovic, former participant<\/p>\n","protected":false},"excerpt":{"rendered":"Ko je vidio Video?! \u2013 Creative Documentary Film School\u00a0 Ko je vidio Video?! the creative documentary film school of the Pravo Ljudski Film Festival is an all-inclusive learning process of maturation and empowerment of youth to use video as a form for artistic expression. Artistic Directors: Kumjana Novakova &amp; Guillermo Carreras-Candi Film Tutors: Guillermo Carreras-Candi,&#8230;","protected":false},"author":1,"featured_media":285,"parent":0,"menu_order":0,"comment_status":"closed","ping_status":"closed","template":"","meta":{"_acf_changed":false,"footnotes":""},"class_list":["post-388","page","type-page","status-publish","has-post-thumbnail","hentry"],"acf":[],"yoast_head":"<!-- This site is optimized with the Yoast SEO plugin v25.9 - https:\/\/yoast.com\/wordpress\/plugins\/seo\/ -->\n<title>\u0160kola kreativnog dokumentarnog filma Ko je vidio video?! - Pravo Ljudski<\/title>\n<meta name=\"robots\" content=\"index, follow, max-snippet:-1, max-image-preview:large, max-video-preview:-1\" \/>\n<link rel=\"canonical\" href=\"https:\/\/pravoljudski.org\/bs\/skola-kreativnog-dokumentarnog-filma-ko-je-vidio-video\/\" \/>\n<meta property=\"og:locale\" content=\"bs_BA\" \/>\n<meta property=\"og:type\" content=\"article\" \/>\n<meta property=\"og:title\" content=\"\u0160kola kreativnog dokumentarnog filma Ko je vidio video?! - Pravo Ljudski\" \/>\n<meta property=\"og:description\" content=\"Ko je vidio Video?! \u2013 Creative Documentary Film School\u00a0 Ko je vidio Video?! the creative documentary film school of the Pravo Ljudski Film Festival is an all-inclusive learning process of maturation and empowerment of youth to use video as a form for artistic expression. Artistic Directors: Kumjana Novakova &amp; Guillermo Carreras-Candi Film Tutors: Guillermo Carreras-Candi,...\" \/>\n<meta property=\"og:url\" content=\"https:\/\/pravoljudski.org\/bs\/skola-kreativnog-dokumentarnog-filma-ko-je-vidio-video\/\" \/>\n<meta property=\"og:site_name\" content=\"Pravo Ljudski\" \/>\n<meta property=\"article:publisher\" content=\"https:\/\/www.facebook.com\/PravoLjudskiFilmFestival\" \/>\n<meta property=\"article:modified_time\" content=\"2020-11-07T09:08:44+00:00\" \/>\n<meta property=\"og:image\" content=\"https:\/\/pravoljudski.org\/wp-content\/uploads\/2020\/11\/kojevideo.jpg\" \/>\n\t<meta property=\"og:image:width\" content=\"1620\" \/>\n\t<meta property=\"og:image:height\" content=\"1080\" \/>\n\t<meta property=\"og:image:type\" content=\"image\/jpeg\" \/>\n<meta name=\"twitter:card\" content=\"summary_large_image\" \/>\n<meta name=\"twitter:site\" content=\"@pravoljudski\" \/>\n<meta name=\"twitter:label1\" content=\"Est. reading time\" \/>\n\t<meta name=\"twitter:data1\" content=\"1 minuta\" \/>\n<script type=\"application\/ld+json\" class=\"yoast-schema-graph\">{\"@context\":\"https:\/\/schema.org\",\"@graph\":[{\"@type\":\"WebPage\",\"@id\":\"https:\/\/pravoljudski.org\/bs\/skola-kreativnog-dokumentarnog-filma-ko-je-vidio-video\/\",\"url\":\"https:\/\/pravoljudski.org\/bs\/skola-kreativnog-dokumentarnog-filma-ko-je-vidio-video\/\",\"name\":\"\u0160kola kreativnog dokumentarnog filma Ko je vidio video?! - Pravo Ljudski\",\"isPartOf\":{\"@id\":\"https:\/\/pravoljudski.org\/bs\/#website\"},\"primaryImageOfPage\":{\"@id\":\"https:\/\/pravoljudski.org\/bs\/skola-kreativnog-dokumentarnog-filma-ko-je-vidio-video\/#primaryimage\"},\"image\":{\"@id\":\"https:\/\/pravoljudski.org\/bs\/skola-kreativnog-dokumentarnog-filma-ko-je-vidio-video\/#primaryimage\"},\"thumbnailUrl\":\"https:\/\/pravoljudski.org\/wp-content\/uploads\/2020\/11\/kojevideo.jpg\",\"datePublished\":\"2020-11-03T10:45:46+00:00\",\"dateModified\":\"2020-11-07T09:08:44+00:00\",\"breadcrumb\":{\"@id\":\"https:\/\/pravoljudski.org\/bs\/skola-kreativnog-dokumentarnog-filma-ko-je-vidio-video\/#breadcrumb\"},\"inLanguage\":\"bs-BA\",\"potentialAction\":[{\"@type\":\"ReadAction\",\"target\":[\"https:\/\/pravoljudski.org\/bs\/skola-kreativnog-dokumentarnog-filma-ko-je-vidio-video\/\"]}]},{\"@type\":\"ImageObject\",\"inLanguage\":\"bs-BA\",\"@id\":\"https:\/\/pravoljudski.org\/bs\/skola-kreativnog-dokumentarnog-filma-ko-je-vidio-video\/#primaryimage\",\"url\":\"https:\/\/pravoljudski.org\/wp-content\/uploads\/2020\/11\/kojevideo.jpg\",\"contentUrl\":\"https:\/\/pravoljudski.org\/wp-content\/uploads\/2020\/11\/kojevideo.jpg\",\"width\":1620,\"height\":1080},{\"@type\":\"BreadcrumbList\",\"@id\":\"https:\/\/pravoljudski.org\/bs\/skola-kreativnog-dokumentarnog-filma-ko-je-vidio-video\/#breadcrumb\",\"itemListElement\":[{\"@type\":\"ListItem\",\"position\":1,\"name\":\"Home\",\"item\":\"https:\/\/pravoljudski.org\/bs\/\"},{\"@type\":\"ListItem\",\"position\":2,\"name\":\"\u0160kola kreativnog dokumentarnog filma Ko je vidio video?!\"}]},{\"@type\":\"WebSite\",\"@id\":\"https:\/\/pravoljudski.org\/bs\/#website\",\"url\":\"https:\/\/pravoljudski.org\/bs\/\",\"name\":\"Pravo Ljudski\",\"description\":\"\",\"publisher\":{\"@id\":\"https:\/\/pravoljudski.org\/bs\/#organization\"},\"potentialAction\":[{\"@type\":\"SearchAction\",\"target\":{\"@type\":\"EntryPoint\",\"urlTemplate\":\"https:\/\/pravoljudski.org\/bs\/?s={search_term_string}\"},\"query-input\":{\"@type\":\"PropertyValueSpecification\",\"valueRequired\":true,\"valueName\":\"search_term_string\"}}],\"inLanguage\":\"bs-BA\"},{\"@type\":\"Organization\",\"@id\":\"https:\/\/pravoljudski.org\/bs\/#organization\",\"name\":\"Pravo Ljudski\",\"url\":\"https:\/\/pravoljudski.org\/bs\/\",\"logo\":{\"@type\":\"ImageObject\",\"inLanguage\":\"bs-BA\",\"@id\":\"https:\/\/pravoljudski.org\/bs\/#\/schema\/logo\/image\/\",\"url\":\"https:\/\/pravoljudski.org\/wp-content\/uploads\/2020\/11\/plj-logo.png\",\"contentUrl\":\"https:\/\/pravoljudski.org\/wp-content\/uploads\/2020\/11\/plj-logo.png\",\"width\":800,\"height\":519,\"caption\":\"Pravo Ljudski\"},\"image\":{\"@id\":\"https:\/\/pravoljudski.org\/bs\/#\/schema\/logo\/image\/\"},\"sameAs\":[\"https:\/\/www.facebook.com\/PravoLjudskiFilmFestival\",\"https:\/\/x.com\/pravoljudski\",\"https:\/\/www.instagram.com\/pravo_ljudski\/\",\"https:\/\/www.youtube.com\/user\/PravoLjudskiFF\"]}]}<\/script>\n<!-- \/ Yoast SEO plugin. -->","yoast_head_json":{"title":"\u0160kola kreativnog dokumentarnog filma Ko je vidio video?! - Pravo Ljudski","robots":{"index":"index","follow":"follow","max-snippet":"max-snippet:-1","max-image-preview":"max-image-preview:large","max-video-preview":"max-video-preview:-1"},"canonical":"https:\/\/pravoljudski.org\/bs\/skola-kreativnog-dokumentarnog-filma-ko-je-vidio-video\/","og_locale":"bs_BA","og_type":"article","og_title":"\u0160kola kreativnog dokumentarnog filma Ko je vidio video?! - Pravo Ljudski","og_description":"Ko je vidio Video?! \u2013 Creative Documentary Film School\u00a0 Ko je vidio Video?! the creative documentary film school of the Pravo Ljudski Film Festival is an all-inclusive learning process of maturation and empowerment of youth to use video as a form for artistic expression. Artistic Directors: Kumjana Novakova &amp; Guillermo Carreras-Candi Film Tutors: Guillermo Carreras-Candi,...","og_url":"https:\/\/pravoljudski.org\/bs\/skola-kreativnog-dokumentarnog-filma-ko-je-vidio-video\/","og_site_name":"Pravo Ljudski","article_publisher":"https:\/\/www.facebook.com\/PravoLjudskiFilmFestival","article_modified_time":"2020-11-07T09:08:44+00:00","og_image":[{"width":1620,"height":1080,"url":"https:\/\/pravoljudski.org\/wp-content\/uploads\/2020\/11\/kojevideo.jpg","type":"image\/jpeg"}],"twitter_card":"summary_large_image","twitter_site":"@pravoljudski","twitter_misc":{"Est. reading time":"1 minuta"},"schema":{"@context":"https:\/\/schema.org","@graph":[{"@type":"WebPage","@id":"https:\/\/pravoljudski.org\/bs\/skola-kreativnog-dokumentarnog-filma-ko-je-vidio-video\/","url":"https:\/\/pravoljudski.org\/bs\/skola-kreativnog-dokumentarnog-filma-ko-je-vidio-video\/","name":"\u0160kola kreativnog dokumentarnog filma Ko je vidio video?! - Pravo Ljudski","isPartOf":{"@id":"https:\/\/pravoljudski.org\/bs\/#website"},"primaryImageOfPage":{"@id":"https:\/\/pravoljudski.org\/bs\/skola-kreativnog-dokumentarnog-filma-ko-je-vidio-video\/#primaryimage"},"image":{"@id":"https:\/\/pravoljudski.org\/bs\/skola-kreativnog-dokumentarnog-filma-ko-je-vidio-video\/#primaryimage"},"thumbnailUrl":"https:\/\/pravoljudski.org\/wp-content\/uploads\/2020\/11\/kojevideo.jpg","datePublished":"2020-11-03T10:45:46+00:00","dateModified":"2020-11-07T09:08:44+00:00","breadcrumb":{"@id":"https:\/\/pravoljudski.org\/bs\/skola-kreativnog-dokumentarnog-filma-ko-je-vidio-video\/#breadcrumb"},"inLanguage":"bs-BA","potentialAction":[{"@type":"ReadAction","target":["https:\/\/pravoljudski.org\/bs\/skola-kreativnog-dokumentarnog-filma-ko-je-vidio-video\/"]}]},{"@type":"ImageObject","inLanguage":"bs-BA","@id":"https:\/\/pravoljudski.org\/bs\/skola-kreativnog-dokumentarnog-filma-ko-je-vidio-video\/#primaryimage","url":"https:\/\/pravoljudski.org\/wp-content\/uploads\/2020\/11\/kojevideo.jpg","contentUrl":"https:\/\/pravoljudski.org\/wp-content\/uploads\/2020\/11\/kojevideo.jpg","width":1620,"height":1080},{"@type":"BreadcrumbList","@id":"https:\/\/pravoljudski.org\/bs\/skola-kreativnog-dokumentarnog-filma-ko-je-vidio-video\/#breadcrumb","itemListElement":[{"@type":"ListItem","position":1,"name":"Home","item":"https:\/\/pravoljudski.org\/bs\/"},{"@type":"ListItem","position":2,"name":"\u0160kola kreativnog dokumentarnog filma Ko je vidio video?!"}]},{"@type":"WebSite","@id":"https:\/\/pravoljudski.org\/bs\/#website","url":"https:\/\/pravoljudski.org\/bs\/","name":"Pravo Ljudski","description":"","publisher":{"@id":"https:\/\/pravoljudski.org\/bs\/#organization"},"potentialAction":[{"@type":"SearchAction","target":{"@type":"EntryPoint","urlTemplate":"https:\/\/pravoljudski.org\/bs\/?s={search_term_string}"},"query-input":{"@type":"PropertyValueSpecification","valueRequired":true,"valueName":"search_term_string"}}],"inLanguage":"bs-BA"},{"@type":"Organization","@id":"https:\/\/pravoljudski.org\/bs\/#organization","name":"Pravo Ljudski","url":"https:\/\/pravoljudski.org\/bs\/","logo":{"@type":"ImageObject","inLanguage":"bs-BA","@id":"https:\/\/pravoljudski.org\/bs\/#\/schema\/logo\/image\/","url":"https:\/\/pravoljudski.org\/wp-content\/uploads\/2020\/11\/plj-logo.png","contentUrl":"https:\/\/pravoljudski.org\/wp-content\/uploads\/2020\/11\/plj-logo.png","width":800,"height":519,"caption":"Pravo Ljudski"},"image":{"@id":"https:\/\/pravoljudski.org\/bs\/#\/schema\/logo\/image\/"},"sameAs":["https:\/\/www.facebook.com\/PravoLjudskiFilmFestival","https:\/\/x.com\/pravoljudski","https:\/\/www.instagram.com\/pravo_ljudski\/","https:\/\/www.youtube.com\/user\/PravoLjudskiFF"]}]}},"_links":{"self":[{"href":"https:\/\/pravoljudski.org\/bs\/wp-json\/wp\/v2\/pages\/388","targetHints":{"allow":["GET"]}}],"collection":[{"href":"https:\/\/pravoljudski.org\/bs\/wp-json\/wp\/v2\/pages"}],"about":[{"href":"https:\/\/pravoljudski.org\/bs\/wp-json\/wp\/v2\/types\/page"}],"author":[{"embeddable":true,"href":"https:\/\/pravoljudski.org\/bs\/wp-json\/wp\/v2\/users\/1"}],"replies":[{"embeddable":true,"href":"https:\/\/pravoljudski.org\/bs\/wp-json\/wp\/v2\/comments?post=388"}],"version-history":[{"count":2,"href":"https:\/\/pravoljudski.org\/bs\/wp-json\/wp\/v2\/pages\/388\/revisions"}],"predecessor-version":[{"id":486,"href":"https:\/\/pravoljudski.org\/bs\/wp-json\/wp\/v2\/pages\/388\/revisions\/486"}],"wp:featuredmedia":[{"embeddable":true,"href":"https:\/\/pravoljudski.org\/bs\/wp-json\/wp\/v2\/media\/285"}],"wp:attachment":[{"href":"https:\/\/pravoljudski.org\/bs\/wp-json\/wp\/v2\/media?parent=388"}],"curies":[{"name":"wp","href":"https:\/\/api.w.org\/{rel}","templated":true}]}}